{"id":569,"date":"2020-10-16T10:25:15","date_gmt":"2020-10-16T13:25:15","guid":{"rendered":"http:\/\/castilhoind.com\/ES\/?page_id=569"},"modified":"2020-10-16T10:26:31","modified_gmt":"2020-10-16T13:26:31","slug":"rodillo-master-flex-no-5","status":"publish","type":"page","link":"https:\/\/castilhoind.com\/ES\/rodillo-master-flex-no-5\/","title":{"rendered":"RODILLO MASTER FLEX N\u00ba 5"},"content":{"rendered":"\t\t<div data-elementor-type=\"wp-page\" data-elementor-id=\"569\" class=\"elementor elementor-569\">\n\t\t\t\t\t\t<div class=\"elementor-inner\">\n\t\t\t\t<div class=\"elementor-section-wrap\">\n\t\t\t\t\t\t\t\t\t<section class=\"elementor-section elementor-top-section elementor-element elementor-element-3c6c954 elementor-section-boxed elementor-section-height-default elementor-section-height-default\" data-id=\"3c6c954\" data-element_type=\"section\">\n\t\t\t\t\t\t<div class=\"elementor-container elementor-column-gap-default\">\n\t\t\t\t\t\t\t<div class=\"elementor-row\">\n\t\t\t\t\t<div class=\"elementor-column elementor-col-33 elementor-top-column elementor-element elementor-element-446b500\" data-id=\"446b500\" data-element_type=\"column\">\n\t\t\t<div class=\"elementor-column-wrap elementor-element-populated\">\n\t\t\t\t\t\t\t<div class=\"elementor-widget-wrap\">\n\t\t\t\t\t\t<div class=\"elementor-element elementor-element-9a0531d elementor-widget elementor-widget-image\" data-id=\"9a0531d\" data-element_type=\"widget\" data-widget_type=\"image.default\">\n\t\t\t\t<div class=\"elementor-widget-container\">\n\t\t\t\t\t\t\t\t<div class=\"elementor-image\">\n\t\t\t\t\t\t\t\t\t\t\t\t<img decoding=\"async\" width=\"3402\" height=\"3402\" src=\"https:\/\/castilhoind.com\/ES\/wp-content\/uploads\/2020\/05\/Castilho-Logo_SITE.png\" class=\"attachment-full size-full wp-image-168\" alt=\"\" loading=\"lazy\" srcset=\"https:\/\/castilhoind.com\/ES\/wp-content\/uploads\/2020\/05\/Castilho-Logo_SITE.png 3402w, https:\/\/castilhoind.com\/ES\/wp-content\/uploads\/2020\/05\/Castilho-Logo_SITE-300x300.png 300w, https:\/\/castilhoind.com\/ES\/wp-content\/uploads\/2020\/05\/Castilho-Logo_SITE-1024x1024.png 1024w, https:\/\/castilhoind.com\/ES\/wp-content\/uploads\/2020\/05\/Castilho-Logo_SITE-150x150.png 150w, https:\/\/castilhoind.com\/ES\/wp-content\/uploads\/2020\/05\/Castilho-Logo_SITE-768x768.png 768w, https:\/\/castilhoind.com\/ES\/wp-content\/uploads\/2020\/05\/Castilho-Logo_SITE-1536x1536.png 1536w, https:\/\/castilhoind.com\/ES\/wp-content\/uploads\/2020\/05\/Castilho-Logo_SITE-2048x2048.png 2048w, https:\/\/castilhoind.com\/ES\/wp-content\/uploads\/2020\/05\/Castilho-Logo_SITE-100x100.png 100w, https:\/\/castilhoind.com\/ES\/wp-content\/uploads\/2020\/05\/Castilho-Logo_SITE-200x200.png 200w, https:\/\/castilhoind.com\/ES\/wp-content\/uploads\/2020\/05\/Castilho-Logo_SITE-450x450.png 450w, https:\/\/castilhoind.com\/ES\/wp-content\/uploads\/2020\/05\/Castilho-Logo_SITE-600x600.png 600w, https:\/\/castilhoind.com\/ES\/wp-content\/uploads\/2020\/05\/Castilho-Logo_SITE-900x900.png 900w\" sizes=\"(max-width: 3402px) 100vw, 3402px\" \/>\t\t\t\t\t\t\t\t\t\t\t\t\t\t<\/div>\n\t\t\t\t\t\t<\/div>\n\t\t\t\t<\/div>\n\t\t\t\t\t\t<\/div>\n\t\t\t\t\t<\/div>\n\t\t<\/div>\n\t\t\t\t<div class=\"elementor-column elementor-col-33 elementor-top-column elementor-element elementor-element-ac6e3ba\" data-id=\"ac6e3ba\" data-element_type=\"column\">\n\t\t\t<div class=\"elementor-column-wrap elementor-element-populated\">\n\t\t\t\t\t\t\t<div class=\"elementor-widget-wrap\">\n\t\t\t\t\t\t<div class=\"elementor-element elementor-element-2f94767 elementor-widget elementor-widget-heading\" data-id=\"2f94767\" data-element_type=\"widget\" data-widget_type=\"heading.default\">\n\t\t\t\t<div class=\"elementor-widget-container\">\n\t\t\t<h2 class=\"elementor-heading-title elementor-size-default\">RODILLO MASTER FLEX N\u00ba 5<\/h2>\t\t<\/div>\n\t\t\t\t<\/div>\n\t\t\t\t\t\t<\/div>\n\t\t\t\t\t<\/div>\n\t\t<\/div>\n\t\t\t\t<div class=\"elementor-column elementor-col-33 elementor-top-column elementor-element elementor-element-69e45b0\" data-id=\"69e45b0\" data-element_type=\"column\">\n\t\t\t<div class=\"elementor-column-wrap elementor-element-populated\">\n\t\t\t\t\t\t\t<div class=\"elementor-widget-wrap\">\n\t\t\t\t\t\t<div class=\"elementor-element elementor-element-4a142a8 elementor-widget elementor-widget-heading\" data-id=\"4a142a8\" data-element_type=\"widget\" data-widget_type=\"heading.default\">\n\t\t\t\t<div class=\"elementor-widget-container\">\n\t\t\t<h2 class=\"elementor-heading-title elementor-size-default\"><a href=\"https:\/\/castilhoind.com\/ES\">VOLTAR<\/a><\/h2>\t\t<\/div>\n\t\t\t\t<\/div>\n\t\t\t\t\t\t<\/div>\n\t\t\t\t\t<\/div>\n\t\t<\/div>\n\t\t\t\t\t\t\t\t<\/div>\n\t\t\t\t\t<\/div>\n\t\t<\/section>\n\t\t\t\t<section class=\"elementor-section elementor-top-section elementor-element elementor-element-a5f599f elementor-section-boxed elementor-section-height-default elementor-section-height-default\" data-id=\"a5f599f\" data-element_type=\"section\">\n\t\t\t\t\t\t<div class=\"elementor-container elementor-column-gap-default\">\n\t\t\t\t\t\t\t<div class=\"elementor-row\">\n\t\t\t\t\t<div class=\"elementor-column elementor-col-50 elementor-top-column elementor-element elementor-element-be886fc\" data-id=\"be886fc\" data-element_type=\"column\">\n\t\t\t<div class=\"elementor-column-wrap elementor-element-populated\">\n\t\t\t\t\t\t\t<div class=\"elementor-widget-wrap\">\n\t\t\t\t\t\t<div class=\"elementor-element elementor-element-798e4f1 elementor-widget elementor-widget-image\" data-id=\"798e4f1\" data-element_type=\"widget\" data-widget_type=\"image.default\">\n\t\t\t\t<div class=\"elementor-widget-container\">\n\t\t\t\t\t\t\t\t<div class=\"elementor-image\">\n\t\t\t\t\t\t\t\t\t\t\t\t<img decoding=\"async\" width=\"2000\" height=\"2000\" src=\"https:\/\/castilhoind.com\/ES\/wp-content\/uploads\/2020\/10\/Masterflex-N5_001-1.png\" class=\"attachment-full size-full wp-image-407\" alt=\"\" loading=\"lazy\" srcset=\"https:\/\/castilhoind.com\/ES\/wp-content\/uploads\/2020\/10\/Masterflex-N5_001-1.png 2000w, https:\/\/castilhoind.com\/ES\/wp-content\/uploads\/2020\/10\/Masterflex-N5_001-1-300x300.png 300w, https:\/\/castilhoind.com\/ES\/wp-content\/uploads\/2020\/10\/Masterflex-N5_001-1-1024x1024.png 1024w, https:\/\/castilhoind.com\/ES\/wp-content\/uploads\/2020\/10\/Masterflex-N5_001-1-150x150.png 150w, https:\/\/castilhoind.com\/ES\/wp-content\/uploads\/2020\/10\/Masterflex-N5_001-1-768x768.png 768w, https:\/\/castilhoind.com\/ES\/wp-content\/uploads\/2020\/10\/Masterflex-N5_001-1-1536x1536.png 1536w, https:\/\/castilhoind.com\/ES\/wp-content\/uploads\/2020\/10\/Masterflex-N5_001-1-100x100.png 100w, https:\/\/castilhoind.com\/ES\/wp-content\/uploads\/2020\/10\/Masterflex-N5_001-1-200x200.png 200w, https:\/\/castilhoind.com\/ES\/wp-content\/uploads\/2020\/10\/Masterflex-N5_001-1-450x450.png 450w, https:\/\/castilhoind.com\/ES\/wp-content\/uploads\/2020\/10\/Masterflex-N5_001-1-600x600.png 600w, https:\/\/castilhoind.com\/ES\/wp-content\/uploads\/2020\/10\/Masterflex-N5_001-1-900x900.png 900w\" sizes=\"(max-width: 2000px) 100vw, 2000px\" \/>\t\t\t\t\t\t\t\t\t\t\t\t\t\t<\/div>\n\t\t\t\t\t\t<\/div>\n\t\t\t\t<\/div>\n\t\t\t\t<div class=\"elementor-element elementor-element-42830e8 elementor-widget elementor-widget-gallery\" data-id=\"42830e8\" data-element_type=\"widget\" data-settings=\"{&quot;gallery_layout&quot;:&quot;justified&quot;,&quot;ideal_row_height&quot;:{&quot;unit&quot;:&quot;px&quot;,&quot;size&quot;:145,&quot;sizes&quot;:[]},&quot;lazyload&quot;:&quot;yes&quot;,&quot;ideal_row_height_tablet&quot;:{&quot;unit&quot;:&quot;px&quot;,&quot;size&quot;:150,&quot;sizes&quot;:[]},&quot;ideal_row_height_mobile&quot;:{&quot;unit&quot;:&quot;px&quot;,&quot;size&quot;:150,&quot;sizes&quot;:[]},&quot;gap&quot;:{&quot;unit&quot;:&quot;px&quot;,&quot;size&quot;:10,&quot;sizes&quot;:[]},&quot;gap_tablet&quot;:{&quot;unit&quot;:&quot;px&quot;,&quot;size&quot;:10,&quot;sizes&quot;:[]},&quot;gap_mobile&quot;:{&quot;unit&quot;:&quot;px&quot;,&quot;size&quot;:10,&quot;sizes&quot;:[]},&quot;link_to&quot;:&quot;file&quot;,&quot;overlay_background&quot;:&quot;yes&quot;,&quot;content_hover_animation&quot;:&quot;fade-in&quot;}\" data-widget_type=\"gallery.default\">\n\t\t\t\t<div class=\"elementor-widget-container\">\n\t\t\t\t\t<div class=\"elementor-gallery__container\">\n\t\t\t\t\t\t\t<a class=\"e-gallery-item elementor-gallery-item elementor-animated-content\" href=\"https:\/\/castilhoind.com\/ES\/wp-content\/uploads\/2020\/10\/Masterflex-N5_001-1.png\" data-elementor-open-lightbox=\"yes\" data-elementor-lightbox-slideshow=\"all-42830e8\" data-elementor-lightbox-title=\"Masterflex N5_001\" data-e-action-hash=\"#elementor-action%3Aaction%3Dlightbox%26settings%3DeyJpZCI6NDA3LCJ1cmwiOiJodHRwczpcL1wvY2FzdGlsaG9pbmQuY29tXC9FU1wvd3AtY29udGVudFwvdXBsb2Fkc1wvMjAyMFwvMTBcL01hc3RlcmZsZXgtTjVfMDAxLTEucG5nIiwic2xpZGVzaG93IjoiYWxsLTQyODMwZTgifQ%3D%3D\">\n\t\t\t\t\t<div class=\"e-gallery-image elementor-gallery-item__image\" data-thumbnail=\"https:\/\/castilhoind.com\/ES\/wp-content\/uploads\/2020\/10\/Masterflex-N5_001-1-300x300.png\" data-width=\"300\" data-height=\"300\" alt=\"\" ><\/div>\n\t\t\t\t\t\t\t\t\t\t\t<div class=\"elementor-gallery-item__overlay\"><\/div>\n\t\t\t\t\t\t\t\t\t\t\t\t\t\t<\/a>\n\t\t\t\t\t\t\t<a class=\"e-gallery-item elementor-gallery-item elementor-animated-content\" href=\"https:\/\/castilhoind.com\/ES\/wp-content\/uploads\/2020\/10\/Masterflex-N5_002-1.png\" data-elementor-open-lightbox=\"yes\" data-elementor-lightbox-slideshow=\"all-42830e8\" data-elementor-lightbox-title=\"Masterflex N5_002\" data-e-action-hash=\"#elementor-action%3Aaction%3Dlightbox%26settings%3DeyJpZCI6NDA4LCJ1cmwiOiJodHRwczpcL1wvY2FzdGlsaG9pbmQuY29tXC9FU1wvd3AtY29udGVudFwvdXBsb2Fkc1wvMjAyMFwvMTBcL01hc3RlcmZsZXgtTjVfMDAyLTEucG5nIiwic2xpZGVzaG93IjoiYWxsLTQyODMwZTgifQ%3D%3D\">\n\t\t\t\t\t<div class=\"e-gallery-image elementor-gallery-item__image\" data-thumbnail=\"https:\/\/castilhoind.com\/ES\/wp-content\/uploads\/2020\/10\/Masterflex-N5_002-1-300x300.png\" data-width=\"300\" data-height=\"300\" alt=\"\" ><\/div>\n\t\t\t\t\t\t\t\t\t\t\t<div class=\"elementor-gallery-item__overlay\"><\/div>\n\t\t\t\t\t\t\t\t\t\t\t\t\t\t<\/a>\n\t\t\t\t\t\t\t<a class=\"e-gallery-item elementor-gallery-item elementor-animated-content\" href=\"https:\/\/castilhoind.com\/ES\/wp-content\/uploads\/2020\/10\/Masterflex_003.png\" data-elementor-open-lightbox=\"yes\" data-elementor-lightbox-slideshow=\"all-42830e8\" data-elementor-lightbox-title=\"Masterflex_003\" data-e-action-hash=\"#elementor-action%3Aaction%3Dlightbox%26settings%3DeyJpZCI6NDA5LCJ1cmwiOiJodHRwczpcL1wvY2FzdGlsaG9pbmQuY29tXC9FU1wvd3AtY29udGVudFwvdXBsb2Fkc1wvMjAyMFwvMTBcL01hc3RlcmZsZXhfMDAzLnBuZyIsInNsaWRlc2hvdyI6ImFsbC00MjgzMGU4In0%3D\">\n\t\t\t\t\t<div class=\"e-gallery-image elementor-gallery-item__image\" data-thumbnail=\"https:\/\/castilhoind.com\/ES\/wp-content\/uploads\/2020\/10\/Masterflex_003-300x300.png\" data-width=\"300\" data-height=\"300\" alt=\"\" ><\/div>\n\t\t\t\t\t\t\t\t\t\t\t<div class=\"elementor-gallery-item__overlay\"><\/div>\n\t\t\t\t\t\t\t\t\t\t\t\t\t\t<\/a>\n\t\t\t\t\t<\/div>\n\t\t\t<\/div>\n\t\t\t\t<\/div>\n\t\t\t\t\t\t<\/div>\n\t\t\t\t\t<\/div>\n\t\t<\/div>\n\t\t\t\t<div class=\"elementor-column elementor-col-50 elementor-top-column elementor-element elementor-element-bdc2e94\" data-id=\"bdc2e94\" data-element_type=\"column\">\n\t\t\t<div class=\"elementor-column-wrap elementor-element-populated\">\n\t\t\t\t\t\t\t<div class=\"elementor-widget-wrap\">\n\t\t\t\t\t\t<div class=\"elementor-element elementor-element-8ca9394 elementor-widget elementor-widget-text-editor\" data-id=\"8ca9394\" data-element_type=\"widget\" data-widget_type=\"text-editor.default\">\n\t\t\t\t<div class=\"elementor-widget-container\">\n\t\t\t\t\t\t\t\t<div class=\"elementor-text-editor elementor-clearfix\">\n\t\t\t\t<p class=\"elementor-heading-title elementor-size-default\"><strong>CARACTERISTICAS<\/strong><\/p>\t\t\t\t\t<\/div>\n\t\t\t\t\t\t<\/div>\n\t\t\t\t<\/div>\n\t\t\t\t<div class=\"elementor-element elementor-element-dfd2335 elementor-widget elementor-widget-text-editor\" data-id=\"dfd2335\" data-element_type=\"widget\" data-widget_type=\"text-editor.default\">\n\t\t\t\t<div class=\"elementor-widget-container\">\n\t\t\t\t\t\t\t\t<div class=\"elementor-text-editor elementor-clearfix\">\n\t\t\t\t<p><strong>Producto:<\/strong>\u00a0Rodillo Masterflex<br \/><strong>Composici\u00f3n:<\/strong>\u00a0consiste en una combinaci\u00f3n de<br \/>Elast\u00f4meros a base de SBR \u2013 Elast\u00f4mero de estireno<br \/>-Butadieno, un elast\u00f4mero sint\u00e9tico muy<br \/>similar al caucho natural, pero menos<br \/>el\u00e1stico y m\u00e1s homog\u00eaneo.<\/p>\t\t\t\t\t<\/div>\n\t\t\t\t\t\t<\/div>\n\t\t\t\t<\/div>\n\t\t\t\t<div class=\"elementor-element elementor-element-4771d99 elementor-widget elementor-widget-text-editor\" data-id=\"4771d99\" data-element_type=\"widget\" data-widget_type=\"text-editor.default\">\n\t\t\t\t<div class=\"elementor-widget-container\">\n\t\t\t\t\t\t\t\t<div class=\"elementor-text-editor elementor-clearfix\">\n\t\t\t\t<p class=\"elementor-heading-title elementor-size-default\"><strong>BENEFICIOS<\/strong><\/p>\t\t\t\t\t<\/div>\n\t\t\t\t\t\t<\/div>\n\t\t\t\t<\/div>\n\t\t\t\t<div class=\"elementor-element elementor-element-4cb5266 elementor-widget elementor-widget-text-editor\" data-id=\"4cb5266\" data-element_type=\"widget\" data-widget_type=\"text-editor.default\">\n\t\t\t\t<div class=\"elementor-widget-container\">\n\t\t\t\t\t\t\t\t<div class=\"elementor-text-editor elementor-clearfix\">\n\t\t\t\t<p>-Durabilidad<br \/>-Resistencia<br \/>-Rendimiento<br \/>-Menor indice de quiebra de granos<\/p>\t\t\t\t\t<\/div>\n\t\t\t\t\t\t<\/div>\n\t\t\t\t<\/div>\n\t\t\t\t<div class=\"elementor-element elementor-element-f22e65f elementor-widget elementor-widget-text-editor\" data-id=\"f22e65f\" data-element_type=\"widget\" data-widget_type=\"text-editor.default\">\n\t\t\t\t<div class=\"elementor-widget-container\">\n\t\t\t\t\t\t\t\t<div class=\"elementor-text-editor elementor-clearfix\">\n\t\t\t\t<p class=\"elementor-heading-title elementor-size-default\"><strong>CUIDADO<\/strong><\/p>\t\t\t\t\t<\/div>\n\t\t\t\t\t\t<\/div>\n\t\t\t\t<\/div>\n\t\t\t\t<div class=\"elementor-element elementor-element-0cd362a elementor-widget elementor-widget-text-editor\" data-id=\"0cd362a\" data-element_type=\"widget\" data-widget_type=\"text-editor.default\">\n\t\t\t\t<div class=\"elementor-widget-container\">\n\t\t\t\t\t\t\t\t<div class=\"elementor-text-editor elementor-clearfix\">\n\t\t\t\t<p>-Mantenga el rodillo en su embalaje original hasta el momento de su uso.<br \/>-Almacenar en un lugar seco y ventilado.<br \/>-Evite el contacto con agua y disolventes.<br \/>-Evite el contacto con gases (por ejemplo, ozono).<br \/>-Evite el contacto con temperaturas superiores a 120\u00b0C<\/p>\t\t\t\t\t<\/div>\n\t\t\t\t\t\t<\/div>\n\t\t\t\t<\/div>\n\t\t\t\t<div class=\"elementor-element elementor-element-d28a5ea elementor-widget elementor-widget-text-editor\" data-id=\"d28a5ea\" data-element_type=\"widget\" data-widget_type=\"text-editor.default\">\n\t\t\t\t<div class=\"elementor-widget-container\">\n\t\t\t\t\t\t\t\t<div class=\"elementor-text-editor elementor-clearfix\">\n\t\t\t\t<p class=\"elementor-heading-title elementor-size-default\"><strong>CARACTERISTICAS T\u00c9CNICAS<\/strong><\/p>\t\t\t\t\t<\/div>\n\t\t\t\t\t\t<\/div>\n\t\t\t\t<\/div>\n\t\t\t\t<div class=\"elementor-element elementor-element-9c063e0 elementor-widget elementor-widget-button\" data-id=\"9c063e0\" data-element_type=\"widget\" data-widget_type=\"button.default\">\n\t\t\t\t<div class=\"elementor-widget-container\">\n\t\t\t\t\t<div class=\"elementor-button-wrapper\">\n\t\t\t<a href=\"http:\/\/castilhoind.com\/FICHATECNICAROLETE-MASTERFLEX_espanhol.pdf\" class=\"elementor-button-link elementor-button elementor-size-sm\" role=\"button\">\n\t\t\t\t\t\t<span class=\"elementor-button-content-wrapper\">\n\t\t\t\t\t\t\t<span class=\"elementor-button-icon elementor-align-icon-left\">\n\t\t\t\t<i aria-hidden=\"true\" class=\"fas fa-file-pdf\"><\/i>\t\t\t<\/span>\n\t\t\t\t\t\t<span class=\"elementor-button-text\">Descargar PDF<\/span>\n\t\t<\/span>\n\t\t\t\t\t<\/a>\n\t\t<\/div>\n\t\t\t\t<\/div>\n\t\t\t\t<\/div>\n\t\t\t\t\t\t<\/div>\n\t\t\t\t\t<\/div>\n\t\t<\/div>\n\t\t\t\t\t\t\t\t<\/div>\n\t\t\t\t\t<\/div>\n\t\t<\/section>\n\t\t\t\t\t\t\t\t\t<\/div>\n\t\t\t<\/div>\n\t\t\t\t\t<\/div>\n\t\t","protected":false},"excerpt":{"rendered":"<p>RODILLO MASTER FLEX N\u00ba 5 VOLTAR CARACTERISTICAS Producto:\u00a0Rodillo MasterflexComposici\u00f3n:\u00a0consiste en una combinaci\u00f3n deElast\u00f4meros a base de SBR \u2013 Elast\u00f4mero de estireno-Butadieno, un elast\u00f4mero sint\u00e9tico muysimilar al caucho natural, pero menosel\u00e1stico y m\u00e1s homog\u00eaneo. BENEFICIOS -Durabilidad-Resistencia-Rendimiento-Menor indice de quiebra de granos &hellip;<\/p>\n<p class=\"read-more\"> <a class=\"more-link\" href=\"https:\/\/castilhoind.com\/ES\/rodillo-master-flex-no-5\/\"> <span class=\"screen-reader-text\">RODILLO MASTER FLEX N\u00ba 5<\/span> Read More &raquo;<\/a><\/p>\n","protected":false},"author":1,"featured_media":0,"parent":0,"menu_order":0,"comment_status":"closed","ping_status":"closed","template":"elementor_canvas","meta":[],"_links":{"self":[{"href":"https:\/\/castilhoind.com\/ES\/wp-json\/wp\/v2\/pages\/569"}],"collection":[{"href":"https:\/\/castilhoind.com\/ES\/wp-json\/wp\/v2\/pages"}],"about":[{"href":"https:\/\/castilhoind.com\/ES\/wp-json\/wp\/v2\/types\/page"}],"author":[{"embeddable":true,"href":"https:\/\/castilhoind.com\/ES\/wp-json\/wp\/v2\/users\/1"}],"replies":[{"embeddable":true,"href":"https:\/\/castilhoind.com\/ES\/wp-json\/wp\/v2\/comments?post=569"}],"version-history":[{"count":3,"href":"https:\/\/castilhoind.com\/ES\/wp-json\/wp\/v2\/pages\/569\/revisions"}],"predecessor-version":[{"id":572,"href":"https:\/\/castilhoind.com\/ES\/wp-json\/wp\/v2\/pages\/569\/revisions\/572"}],"wp:attachment":[{"href":"https:\/\/castilhoind.com\/ES\/wp-json\/wp\/v2\/media?parent=569"}],"curies":[{"name":"wp","href":"https:\/\/api.w.org\/{rel}","templated":true}]}}