{"id":487,"date":"2020-10-06T14:43:06","date_gmt":"2020-10-06T17:43:06","guid":{"rendered":"http:\/\/castilhoind.com\/?page_id=487"},"modified":"2023-02-14T16:34:10","modified_gmt":"2023-02-14T19:34:10","slug":"sobre-nos-espanhol","status":"publish","type":"page","link":"https:\/\/castilhoind.com\/ES\/sobre-nos-espanhol\/","title":{"rendered":"SOBRE N\u00d3S espanhol"},"content":{"rendered":"\t\t<div data-elementor-type=\"wp-page\" data-elementor-id=\"487\" class=\"elementor elementor-487\">\n\t\t\t\t\t\t<div class=\"elementor-inner\">\n\t\t\t\t<div class=\"elementor-section-wrap\">\n\t\t\t\t\t\t\t\t\t<section class=\"elementor-section elementor-top-section elementor-element elementor-element-4f8a341 elementor-section-boxed elementor-section-height-default elementor-section-height-default\" data-id=\"4f8a341\" data-element_type=\"section\" data-settings=\"{&quot;background_background&quot;:&quot;classic&quot;}\">\n\t\t\t\t\t\t\t<div class=\"elementor-background-overlay\"><\/div>\n\t\t\t\t\t\t\t<div class=\"elementor-container elementor-column-gap-default\">\n\t\t\t\t\t\t\t<div class=\"elementor-row\">\n\t\t\t\t\t<div class=\"elementor-column elementor-col-50 elementor-top-column elementor-element elementor-element-e68ef95\" data-id=\"e68ef95\" data-element_type=\"column\">\n\t\t\t<div class=\"elementor-column-wrap elementor-element-populated\">\n\t\t\t\t\t\t\t<div class=\"elementor-widget-wrap\">\n\t\t\t\t\t\t<div class=\"elementor-element elementor-element-8090605 elementor-widget elementor-widget-heading\" data-id=\"8090605\" data-element_type=\"widget\" data-widget_type=\"heading.default\">\n\t\t\t\t<div class=\"elementor-widget-container\">\n\t\t\t<h2 class=\"elementor-heading-title elementor-size-default\">SOBRE NOSOTROS<\/h2>\t\t<\/div>\n\t\t\t\t<\/div>\n\t\t\t\t\t\t<\/div>\n\t\t\t\t\t<\/div>\n\t\t<\/div>\n\t\t\t\t<div class=\"elementor-column elementor-col-50 elementor-top-column elementor-element elementor-element-0c512ec\" data-id=\"0c512ec\" data-element_type=\"column\">\n\t\t\t<div class=\"elementor-column-wrap elementor-element-populated\">\n\t\t\t\t\t\t\t<div class=\"elementor-widget-wrap\">\n\t\t\t\t\t\t<div class=\"elementor-element elementor-element-31e7705 elementor-widget elementor-widget-image\" data-id=\"31e7705\" data-element_type=\"widget\" data-widget_type=\"image.default\">\n\t\t\t\t<div class=\"elementor-widget-container\">\n\t\t\t\t\t\t\t\t<div class=\"elementor-image\">\n\t\t\t\t\t\t\t\t\t\t\t\t<img decoding=\"async\" width=\"232\" height=\"240\" src=\"https:\/\/castilhoind.com\/ES\/wp-content\/uploads\/2020\/10\/iso-abnt-ESP..png\" class=\"attachment-full size-full wp-image-495\" alt=\"\" loading=\"lazy\" srcset=\"https:\/\/castilhoind.com\/ES\/wp-content\/uploads\/2020\/10\/iso-abnt-ESP..png 232w, https:\/\/castilhoind.com\/ES\/wp-content\/uploads\/2020\/10\/iso-abnt-ESP.-100x103.png 100w, https:\/\/castilhoind.com\/ES\/wp-content\/uploads\/2020\/10\/iso-abnt-ESP.-150x155.png 150w, https:\/\/castilhoind.com\/ES\/wp-content\/uploads\/2020\/10\/iso-abnt-ESP.-200x207.png 200w\" sizes=\"(max-width: 232px) 100vw, 232px\" \/>\t\t\t\t\t\t\t\t\t\t\t\t\t\t<\/div>\n\t\t\t\t\t\t<\/div>\n\t\t\t\t<\/div>\n\t\t\t\t\t\t<\/div>\n\t\t\t\t\t<\/div>\n\t\t<\/div>\n\t\t\t\t\t\t\t\t<\/div>\n\t\t\t\t\t<\/div>\n\t\t<\/section>\n\t\t\t\t<section class=\"elementor-section elementor-top-section elementor-element elementor-element-cf9fdcb elementor-section-boxed elementor-section-height-default elementor-section-height-default\" data-id=\"cf9fdcb\" data-element_type=\"section\" data-settings=\"{&quot;background_background&quot;:&quot;classic&quot;}\">\n\t\t\t\t\t\t\t<div class=\"elementor-background-overlay\"><\/div>\n\t\t\t\t\t\t\t<div class=\"elementor-container elementor-column-gap-default\">\n\t\t\t\t\t\t\t<div class=\"elementor-row\">\n\t\t\t\t\t<div class=\"elementor-column elementor-col-33 elementor-top-column elementor-element elementor-element-396d80a\" data-id=\"396d80a\" data-element_type=\"column\">\n\t\t\t<div class=\"elementor-column-wrap elementor-element-populated\">\n\t\t\t\t\t\t\t<div class=\"elementor-widget-wrap\">\n\t\t\t\t\t\t<div class=\"elementor-element elementor-element-8009e0c elementor-widget elementor-widget-text-editor\" data-id=\"8009e0c\" data-element_type=\"widget\" data-widget_type=\"text-editor.default\">\n\t\t\t\t<div class=\"elementor-widget-container\">\n\t\t\t\t\t\t\t\t<div class=\"elementor-text-editor elementor-clearfix\">\n\t\t\t\t<p>La <strong>historia de Castilho<\/strong> comenz\u00f3 en la d\u00e9cada de 1980 cuando la familia cultivaba y procesaba el arroz en el interior del estado de S\u00e3o Paulo. Con el crecimiento del sector arrocero en el pa\u00eds y buscando nuevas oportunidades, el emprendedor Sr. Nivaldo Misael de Castilho Junior inici\u00f3 su trayectoria, atendiendo al sector de mantenimiento y comercializaci\u00f3n de m\u00e1quinas para el segmento arrocero.<\/p><p><strong>Fundaci\u00f3n de CASTILHO:<br \/><\/strong>Con el crecimiento de la demanda para atender las necesidades del mercado, en 2002 se funda la empresa Castilho. En 2007, ampl\u00eda sus actividades y comienza a fabricar rodillos para pelar arroz.<\/p><p><strong>Compromiso de CASTILHO:<br \/><\/strong>Innovaci\u00f3n, tecnolog\u00eda, confianza y compromiso en todo lo que hace son las caracter\u00edsticas que acompa\u00f1an los procesos y productos de la empresa. Castilho mantiene el desaf\u00edo constante de promover, en el d\u00eda a d\u00eda, pr\u00e1cticas orientadas a sostener y desarrollar su est\u00e1ndar de calidad, con \u00e9tica y respeto mutuo, haci\u00e9ndola competitiva.<\/p><p><strong>Certificaciones de CASTILHO:<br \/><\/strong>Actualmente, la empresa cuenta con un sistema de gesti\u00f3n de calidad certificado basado en los requisitos de la norma <strong>ISO 9001:2015<\/strong>, que garantiza que nuestros productos son elaborados con un estricto control de los procesos.<\/p>\t\t\t\t\t<\/div>\n\t\t\t\t\t\t<\/div>\n\t\t\t\t<\/div>\n\t\t\t\t\t\t<\/div>\n\t\t\t\t\t<\/div>\n\t\t<\/div>\n\t\t\t\t<div class=\"elementor-column elementor-col-33 elementor-top-column elementor-element elementor-element-32f8628\" data-id=\"32f8628\" data-element_type=\"column\">\n\t\t\t<div class=\"elementor-column-wrap elementor-element-populated\">\n\t\t\t\t\t\t\t<div class=\"elementor-widget-wrap\">\n\t\t\t\t\t\t<div class=\"elementor-element elementor-element-f769904 elementor-widget elementor-widget-text-editor\" data-id=\"f769904\" data-element_type=\"widget\" data-widget_type=\"text-editor.default\">\n\t\t\t\t<div class=\"elementor-widget-container\">\n\t\t\t\t\t\t\t\t<div class=\"elementor-text-editor elementor-clearfix\">\n\t\t\t\t<p><strong>D-U-N-S Number<\/strong><span style=\"color: #ff0000;\">Click para acceder<\/span><span style=\"color: #ff6600;\"><br \/><\/span>El n\u00famero &#8220;D-U-N-S&#8221;, que significa Sistema de numeraci\u00f3n universal de datos, se utiliza para mantener informaci\u00f3n actualizada y oportuna sobre m\u00e1s de 360 \u200b\u200bmillones de empresas globales. Un n\u00famero D-U-N-S identifica el archivo de cr\u00e9dito comercial de una empresa, que puede incluir datos firmogr\u00e1ficos (nombre de la empresa, direcci\u00f3n, n\u00famero de tel\u00e9fono, etc.), relaciones familiares corporativas (oficinas centrales, sucursales, subsidiarias, etc.) y puntajes y calificaciones que eval\u00faan diferentes indicadores de salud financiera.<\/p><p><strong>Lo m\u00e1s destacado de CASTILHO:<br \/><\/strong>En 2019, Castilho contribuy\u00f3 con el suministro de rodillos para descascarar aproximadamente 4,5 millones de toneladas de arroz procesado en Brasil. Este es el reconocimiento a mucho trabajo, enfocado en superar las expectativas de nuestros clientes.<\/p>\t\t\t\t\t<\/div>\n\t\t\t\t\t\t<\/div>\n\t\t\t\t<\/div>\n\t\t\t\t<div class=\"elementor-element elementor-element-8b65ab0 elementor-widget elementor-widget-text-editor\" data-id=\"8b65ab0\" data-element_type=\"widget\" data-widget_type=\"text-editor.default\">\n\t\t\t\t<div class=\"elementor-widget-container\">\n\t\t\t\t\t\t\t\t<div class=\"elementor-text-editor elementor-clearfix\">\n\t\t\t\t<p><strong>\u00a1M\u00e1s all\u00e1 de BRASIL!<br \/><\/strong>Nuestro reto es reafirmar nuestro compromiso con la industria arrocera nacional, y de manera organizada e innovadora atender las necesidades de otros pa\u00edses de las Am\u00e9ricas. Por eso, actualmente Castilho est\u00e1 presente en todo el continente Americano. De norte a sur, llevamos la calidad brasile\u00f1a m\u00e1s all\u00e1 de nuestras fronteras<\/p>\t\t\t\t\t<\/div>\n\t\t\t\t\t\t<\/div>\n\t\t\t\t<\/div>\n\t\t\t\t\t\t<\/div>\n\t\t\t\t\t<\/div>\n\t\t<\/div>\n\t\t\t\t<div class=\"elementor-column elementor-col-33 elementor-top-column elementor-element elementor-element-187774f\" data-id=\"187774f\" data-element_type=\"column\">\n\t\t\t<div class=\"elementor-column-wrap elementor-element-populated\">\n\t\t\t\t\t\t\t<div class=\"elementor-widget-wrap\">\n\t\t\t\t\t\t<div class=\"elementor-element elementor-element-36f804a elementor-widget elementor-widget-image\" data-id=\"36f804a\" data-element_type=\"widget\" data-widget_type=\"image.default\">\n\t\t\t\t<div class=\"elementor-widget-container\">\n\t\t\t\t\t\t\t\t<div class=\"elementor-image\">\n\t\t\t\t\t\t\t\t\t\t\t\t<img decoding=\"async\" width=\"950\" height=\"650\" src=\"https:\/\/castilhoind.com\/ES\/wp-content\/uploads\/2020\/10\/foto01.jpg\" class=\"attachment-full size-full wp-image-357\" alt=\"\" loading=\"lazy\" srcset=\"https:\/\/castilhoind.com\/ES\/wp-content\/uploads\/2020\/10\/foto01.jpg 950w, https:\/\/castilhoind.com\/ES\/wp-content\/uploads\/2020\/10\/foto01-300x205.jpg 300w, https:\/\/castilhoind.com\/ES\/wp-content\/uploads\/2020\/10\/foto01-768x525.jpg 768w, https:\/\/castilhoind.com\/ES\/wp-content\/uploads\/2020\/10\/foto01-474x324.jpg 474w, https:\/\/castilhoind.com\/ES\/wp-content\/uploads\/2020\/10\/foto01-100x68.jpg 100w, https:\/\/castilhoind.com\/ES\/wp-content\/uploads\/2020\/10\/foto01-150x103.jpg 150w, https:\/\/castilhoind.com\/ES\/wp-content\/uploads\/2020\/10\/foto01-200x137.jpg 200w, https:\/\/castilhoind.com\/ES\/wp-content\/uploads\/2020\/10\/foto01-450x308.jpg 450w, https:\/\/castilhoind.com\/ES\/wp-content\/uploads\/2020\/10\/foto01-600x411.jpg 600w, https:\/\/castilhoind.com\/ES\/wp-content\/uploads\/2020\/10\/foto01-900x616.jpg 900w\" sizes=\"(max-width: 950px) 100vw, 950px\" \/>\t\t\t\t\t\t\t\t\t\t\t\t\t\t<\/div>\n\t\t\t\t\t\t<\/div>\n\t\t\t\t<\/div>\n\t\t\t\t<div class=\"elementor-element elementor-element-95c2d26 elementor-widget elementor-widget-image\" data-id=\"95c2d26\" data-element_type=\"widget\" data-widget_type=\"image.default\">\n\t\t\t\t<div class=\"elementor-widget-container\">\n\t\t\t\t\t\t\t\t<div class=\"elementor-image\">\n\t\t\t\t\t\t\t\t\t\t\t\t<img decoding=\"async\" width=\"950\" height=\"650\" src=\"https:\/\/castilhoind.com\/ES\/wp-content\/uploads\/2020\/10\/foto02.jpg\" class=\"attachment-full size-full wp-image-358\" alt=\"\" loading=\"lazy\" srcset=\"https:\/\/castilhoind.com\/ES\/wp-content\/uploads\/2020\/10\/foto02.jpg 950w, https:\/\/castilhoind.com\/ES\/wp-content\/uploads\/2020\/10\/foto02-300x205.jpg 300w, https:\/\/castilhoind.com\/ES\/wp-content\/uploads\/2020\/10\/foto02-768x525.jpg 768w, https:\/\/castilhoind.com\/ES\/wp-content\/uploads\/2020\/10\/foto02-474x324.jpg 474w, https:\/\/castilhoind.com\/ES\/wp-content\/uploads\/2020\/10\/foto02-100x68.jpg 100w, https:\/\/castilhoind.com\/ES\/wp-content\/uploads\/2020\/10\/foto02-150x103.jpg 150w, https:\/\/castilhoind.com\/ES\/wp-content\/uploads\/2020\/10\/foto02-200x137.jpg 200w, https:\/\/castilhoind.com\/ES\/wp-content\/uploads\/2020\/10\/foto02-450x308.jpg 450w, https:\/\/castilhoind.com\/ES\/wp-content\/uploads\/2020\/10\/foto02-600x411.jpg 600w, https:\/\/castilhoind.com\/ES\/wp-content\/uploads\/2020\/10\/foto02-900x616.jpg 900w\" sizes=\"(max-width: 950px) 100vw, 950px\" \/>\t\t\t\t\t\t\t\t\t\t\t\t\t\t<\/div>\n\t\t\t\t\t\t<\/div>\n\t\t\t\t<\/div>\n\t\t\t\t<div class=\"elementor-element elementor-element-796213e elementor-widget elementor-widget-image\" data-id=\"796213e\" data-element_type=\"widget\" data-widget_type=\"image.default\">\n\t\t\t\t<div class=\"elementor-widget-container\">\n\t\t\t\t\t\t\t\t<div class=\"elementor-image\">\n\t\t\t\t\t\t\t\t\t\t\t\t<img decoding=\"async\" width=\"950\" height=\"650\" src=\"https:\/\/castilhoind.com\/ES\/wp-content\/uploads\/2020\/10\/foto03.jpg\" class=\"attachment-full size-full wp-image-359\" alt=\"\" loading=\"lazy\" srcset=\"https:\/\/castilhoind.com\/ES\/wp-content\/uploads\/2020\/10\/foto03.jpg 950w, https:\/\/castilhoind.com\/ES\/wp-content\/uploads\/2020\/10\/foto03-300x205.jpg 300w, https:\/\/castilhoind.com\/ES\/wp-content\/uploads\/2020\/10\/foto03-768x525.jpg 768w, https:\/\/castilhoind.com\/ES\/wp-content\/uploads\/2020\/10\/foto03-474x324.jpg 474w, https:\/\/castilhoind.com\/ES\/wp-content\/uploads\/2020\/10\/foto03-100x68.jpg 100w, https:\/\/castilhoind.com\/ES\/wp-content\/uploads\/2020\/10\/foto03-150x103.jpg 150w, https:\/\/castilhoind.com\/ES\/wp-content\/uploads\/2020\/10\/foto03-200x137.jpg 200w, https:\/\/castilhoind.com\/ES\/wp-content\/uploads\/2020\/10\/foto03-450x308.jpg 450w, https:\/\/castilhoind.com\/ES\/wp-content\/uploads\/2020\/10\/foto03-600x411.jpg 600w, https:\/\/castilhoind.com\/ES\/wp-content\/uploads\/2020\/10\/foto03-900x616.jpg 900w\" sizes=\"(max-width: 950px) 100vw, 950px\" \/>\t\t\t\t\t\t\t\t\t\t\t\t\t\t<\/div>\n\t\t\t\t\t\t<\/div>\n\t\t\t\t<\/div>\n\t\t\t\t<div class=\"elementor-element elementor-element-3199ab6 elementor-widget elementor-widget-image\" data-id=\"3199ab6\" data-element_type=\"widget\" data-widget_type=\"image.default\">\n\t\t\t\t<div class=\"elementor-widget-container\">\n\t\t\t\t\t\t\t\t<div class=\"elementor-image\">\n\t\t\t\t\t\t\t\t\t\t\t\t<img decoding=\"async\" width=\"2560\" height=\"1920\" src=\"https:\/\/castilhoind.com\/ES\/wp-content\/uploads\/2023\/02\/IMG_1905-scaled.jpg\" class=\"attachment-full size-full wp-image-695\" alt=\"\" loading=\"lazy\" srcset=\"https:\/\/castilhoind.com\/ES\/wp-content\/uploads\/2023\/02\/IMG_1905-scaled.jpg 2560w, https:\/\/castilhoind.com\/ES\/wp-content\/uploads\/2023\/02\/IMG_1905-300x225.jpg 300w, https:\/\/castilhoind.com\/ES\/wp-content\/uploads\/2023\/02\/IMG_1905-1024x768.jpg 1024w, https:\/\/castilhoind.com\/ES\/wp-content\/uploads\/2023\/02\/IMG_1905-768x576.jpg 768w, https:\/\/castilhoind.com\/ES\/wp-content\/uploads\/2023\/02\/IMG_1905-1536x1152.jpg 1536w, https:\/\/castilhoind.com\/ES\/wp-content\/uploads\/2023\/02\/IMG_1905-2048x1536.jpg 2048w, https:\/\/castilhoind.com\/ES\/wp-content\/uploads\/2023\/02\/IMG_1905-100x75.jpg 100w, https:\/\/castilhoind.com\/ES\/wp-content\/uploads\/2023\/02\/IMG_1905-150x113.jpg 150w, https:\/\/castilhoind.com\/ES\/wp-content\/uploads\/2023\/02\/IMG_1905-200x150.jpg 200w, https:\/\/castilhoind.com\/ES\/wp-content\/uploads\/2023\/02\/IMG_1905-450x338.jpg 450w, https:\/\/castilhoind.com\/ES\/wp-content\/uploads\/2023\/02\/IMG_1905-600x450.jpg 600w, https:\/\/castilhoind.com\/ES\/wp-content\/uploads\/2023\/02\/IMG_1905-900x675.jpg 900w\" sizes=\"(max-width: 2560px) 100vw, 2560px\" \/>\t\t\t\t\t\t\t\t\t\t\t\t\t\t<\/div>\n\t\t\t\t\t\t<\/div>\n\t\t\t\t<\/div>\n\t\t\t\t\t\t<\/div>\n\t\t\t\t\t<\/div>\n\t\t<\/div>\n\t\t\t\t\t\t\t\t<\/div>\n\t\t\t\t\t<\/div>\n\t\t<\/section>\n\t\t\t\t<section class=\"elementor-section elementor-top-section elementor-element elementor-element-66ebace elementor-section-full_width elementor-section-height-default elementor-section-height-default\" data-id=\"66ebace\" data-element_type=\"section\">\n\t\t\t\t\t\t<div class=\"elementor-container elementor-column-gap-default\">\n\t\t\t\t\t\t\t<div class=\"elementor-row\">\n\t\t\t\t\t<div class=\"elementor-column elementor-col-25 elementor-top-column elementor-element elementor-element-c780371\" data-id=\"c780371\" data-element_type=\"column\" data-settings=\"{&quot;background_background&quot;:&quot;classic&quot;}\">\n\t\t\t<div class=\"elementor-column-wrap elementor-element-populated\">\n\t\t\t\t\t\t\t<div class=\"elementor-widget-wrap\">\n\t\t\t\t\t\t<div class=\"elementor-element elementor-element-6da7be5 elementor-widget elementor-widget-heading\" data-id=\"6da7be5\" data-element_type=\"widget\" data-widget_type=\"heading.default\">\n\t\t\t\t<div class=\"elementor-widget-container\">\n\t\t\t<h2 class=\"elementor-heading-title elementor-size-default\">Nuestro PROP\u00d3SITO<\/h2>\t\t<\/div>\n\t\t\t\t<\/div>\n\t\t\t\t<div class=\"elementor-element elementor-element-8c3fd82 elementor-widget elementor-widget-text-editor\" data-id=\"8c3fd82\" data-element_type=\"widget\" data-widget_type=\"text-editor.default\">\n\t\t\t\t<div class=\"elementor-widget-container\">\n\t\t\t\t\t\t\t\t<div class=\"elementor-text-editor elementor-clearfix\">\n\t\t\t\t<p>Agregar valor al proceso de producci\u00f3n de uno de los alimentos m\u00e1s consumidos en el mundo, a trav\u00e9s de la innovaci\u00f3n sostenible, asegurando el est\u00e1ndar de calidad.<\/p>\t\t\t\t\t<\/div>\n\t\t\t\t\t\t<\/div>\n\t\t\t\t<\/div>\n\t\t\t\t\t\t<\/div>\n\t\t\t\t\t<\/div>\n\t\t<\/div>\n\t\t\t\t<div class=\"elementor-column elementor-col-25 elementor-top-column elementor-element elementor-element-8ee990a\" data-id=\"8ee990a\" data-element_type=\"column\" data-settings=\"{&quot;background_background&quot;:&quot;classic&quot;}\">\n\t\t\t<div class=\"elementor-column-wrap elementor-element-populated\">\n\t\t\t\t\t\t\t<div class=\"elementor-widget-wrap\">\n\t\t\t\t\t\t<div class=\"elementor-element elementor-element-ffcb6bd elementor-widget elementor-widget-heading\" data-id=\"ffcb6bd\" data-element_type=\"widget\" data-widget_type=\"heading.default\">\n\t\t\t\t<div class=\"elementor-widget-container\">\n\t\t\t<h2 class=\"elementor-heading-title elementor-size-default\">Nuestra MISI\u00d3N<\/h2>\t\t<\/div>\n\t\t\t\t<\/div>\n\t\t\t\t<div class=\"elementor-element elementor-element-20f78ca elementor-widget elementor-widget-text-editor\" data-id=\"20f78ca\" data-element_type=\"widget\" data-widget_type=\"text-editor.default\">\n\t\t\t\t<div class=\"elementor-widget-container\">\n\t\t\t\t\t\t\t\t<div class=\"elementor-text-editor elementor-clearfix\">\n\t\t\t\t<p>\u00a1Innovar y proporcionar simplemente los mejores rodillos! Priorizando los resultados de clientes y socios, comprometidos con el bienestar de nuestros colaboradores.<\/p>\t\t\t\t\t<\/div>\n\t\t\t\t\t\t<\/div>\n\t\t\t\t<\/div>\n\t\t\t\t\t\t<\/div>\n\t\t\t\t\t<\/div>\n\t\t<\/div>\n\t\t\t\t<div class=\"elementor-column elementor-col-25 elementor-top-column elementor-element elementor-element-77d0fbb\" data-id=\"77d0fbb\" data-element_type=\"column\" data-settings=\"{&quot;background_background&quot;:&quot;classic&quot;}\">\n\t\t\t<div class=\"elementor-column-wrap elementor-element-populated\">\n\t\t\t\t\t\t\t<div class=\"elementor-widget-wrap\">\n\t\t\t\t\t\t<div class=\"elementor-element elementor-element-eaf70dd elementor-widget elementor-widget-heading\" data-id=\"eaf70dd\" data-element_type=\"widget\" data-widget_type=\"heading.default\">\n\t\t\t\t<div class=\"elementor-widget-container\">\n\t\t\t<h2 class=\"elementor-heading-title elementor-size-default\">Nuestros VALORES<\/h2>\t\t<\/div>\n\t\t\t\t<\/div>\n\t\t\t\t<div class=\"elementor-element elementor-element-8f706e2 elementor-widget elementor-widget-text-editor\" data-id=\"8f706e2\" data-element_type=\"widget\" data-widget_type=\"text-editor.default\">\n\t\t\t\t<div class=\"elementor-widget-container\">\n\t\t\t\t\t\t\t\t<div class=\"elementor-text-editor elementor-clearfix\">\n\t\t\t\t<p>Unidos somos capaces de construir una historia de \u00e9xito para todos, con Determinaci\u00f3n, Constancia, Compromiso, Cuidado, Oraci\u00f3n, Confianza y Humanizaci\u00f3n<\/p>\t\t\t\t\t<\/div>\n\t\t\t\t\t\t<\/div>\n\t\t\t\t<\/div>\n\t\t\t\t\t\t<\/div>\n\t\t\t\t\t<\/div>\n\t\t<\/div>\n\t\t\t\t<div class=\"elementor-column elementor-col-25 elementor-top-column elementor-element elementor-element-9bdab5e\" data-id=\"9bdab5e\" data-element_type=\"column\" data-settings=\"{&quot;background_background&quot;:&quot;classic&quot;}\">\n\t\t\t<div class=\"elementor-column-wrap elementor-element-populated\">\n\t\t\t\t\t\t\t<div class=\"elementor-widget-wrap\">\n\t\t\t\t\t\t<div class=\"elementor-element elementor-element-96f0edd elementor-widget elementor-widget-heading\" data-id=\"96f0edd\" data-element_type=\"widget\" data-widget_type=\"heading.default\">\n\t\t\t\t<div class=\"elementor-widget-container\">\n\t\t\t<h2 class=\"elementor-heading-title elementor-size-default\">Nuestra VISI\u00d3N<\/h2>\t\t<\/div>\n\t\t\t\t<\/div>\n\t\t\t\t<div class=\"elementor-element elementor-element-38d2ea6 elementor-widget elementor-widget-text-editor\" data-id=\"38d2ea6\" data-element_type=\"widget\" data-widget_type=\"text-editor.default\">\n\t\t\t\t<div class=\"elementor-widget-container\">\n\t\t\t\t\t\t\t\t<div class=\"elementor-text-editor elementor-clearfix\">\n\t\t\t\t<p>\u00a1Ser el principal proveedor de rodillos en las Am\u00e9ricas!Logrando el reconocimiento mundial por la excelencia de nuestro rodillo.<\/p>\t\t\t\t\t<\/div>\n\t\t\t\t\t\t<\/div>\n\t\t\t\t<\/div>\n\t\t\t\t\t\t<\/div>\n\t\t\t\t\t<\/div>\n\t\t<\/div>\n\t\t\t\t\t\t\t\t<\/div>\n\t\t\t\t\t<\/div>\n\t\t<\/section>\n\t\t\t\t<section class=\"elementor-section elementor-top-section elementor-element elementor-element-9c1c24a elementor-section-full_width elementor-section-height-default elementor-section-height-default\" data-id=\"9c1c24a\" data-element_type=\"section\" data-settings=\"{&quot;background_background&quot;:&quot;classic&quot;}\">\n\t\t\t\t\t\t<div class=\"elementor-container elementor-column-gap-default\">\n\t\t\t\t\t\t\t<div class=\"elementor-row\">\n\t\t\t\t\t<div class=\"elementor-column elementor-col-100 elementor-top-column elementor-element elementor-element-124bdbd\" data-id=\"124bdbd\" data-element_type=\"column\">\n\t\t\t<div class=\"elementor-column-wrap elementor-element-populated\">\n\t\t\t\t\t\t\t<div class=\"elementor-widget-wrap\">\n\t\t\t\t\t\t<div class=\"elementor-element elementor-element-6466715 elementor-widget-divider--view-line elementor-widget elementor-widget-divider\" data-id=\"6466715\" data-element_type=\"widget\" data-widget_type=\"divider.default\">\n\t\t\t\t<div class=\"elementor-widget-container\">\n\t\t\t\t\t<div class=\"elementor-divider\">\n\t\t\t<span class=\"elementor-divider-separator\">\n\t\t\t\t\t\t<\/span>\n\t\t<\/div>\n\t\t\t\t<\/div>\n\t\t\t\t<\/div>\n\t\t\t\t\t\t<\/div>\n\t\t\t\t\t<\/div>\n\t\t<\/div>\n\t\t\t\t\t\t\t\t<\/div>\n\t\t\t\t\t<\/div>\n\t\t<\/section>\n\t\t\t\t\t\t\t\t\t<\/div>\n\t\t\t<\/div>\n\t\t\t\t\t<\/div>\n\t\t","protected":false},"excerpt":{"rendered":"<p>SOBRE NOSOTROS La historia de Castilho comenz\u00f3 en la d\u00e9cada de 1980 cuando la familia cultivaba y procesaba el arroz en el interior del estado de S\u00e3o Paulo. Con el crecimiento del sector arrocero en el pa\u00eds y buscando nuevas &hellip;<\/p>\n<p class=\"read-more\"> <a class=\"more-link\" href=\"https:\/\/castilhoind.com\/ES\/sobre-nos-espanhol\/\"> <span class=\"screen-reader-text\">SOBRE N\u00d3S espanhol<\/span> Read More &raquo;<\/a><\/p>\n","protected":false},"author":1,"featured_media":0,"parent":0,"menu_order":0,"comment_status":"closed","ping_status":"closed","template":"elementor_header_footer","meta":[],"_links":{"self":[{"href":"https:\/\/castilhoind.com\/ES\/wp-json\/wp\/v2\/pages\/487"}],"collection":[{"href":"https:\/\/castilhoind.com\/ES\/wp-json\/wp\/v2\/pages"}],"about":[{"href":"https:\/\/castilhoind.com\/ES\/wp-json\/wp\/v2\/types\/page"}],"author":[{"embeddable":true,"href":"https:\/\/castilhoind.com\/ES\/wp-json\/wp\/v2\/users\/1"}],"replies":[{"embeddable":true,"href":"https:\/\/castilhoind.com\/ES\/wp-json\/wp\/v2\/comments?post=487"}],"version-history":[{"count":41,"href":"https:\/\/castilhoind.com\/ES\/wp-json\/wp\/v2\/pages\/487\/revisions"}],"predecessor-version":[{"id":710,"href":"https:\/\/castilhoind.com\/ES\/wp-json\/wp\/v2\/pages\/487\/revisions\/710"}],"wp:attachment":[{"href":"https:\/\/castilhoind.com\/ES\/wp-json\/wp\/v2\/media?parent=487"}],"curies":[{"name":"wp","href":"https:\/\/api.w.org\/{rel}","templated":true}]}}