{"id":476,"date":"2020-10-06T10:40:05","date_gmt":"2020-10-06T13:40:05","guid":{"rendered":"http:\/\/castilhoind.com\/?page_id=476"},"modified":"2020-10-19T09:53:44","modified_gmt":"2020-10-19T12:53:44","slug":"home-espanhol","status":"publish","type":"page","link":"https:\/\/castilhoind.com\/ES\/","title":{"rendered":"Home-Espanhol"},"content":{"rendered":"\t\t<div data-elementor-type=\"wp-page\" data-elementor-id=\"476\" class=\"elementor elementor-476\">\n\t\t\t\t\t\t<div class=\"elementor-inner\">\n\t\t\t\t<div class=\"elementor-section-wrap\">\n\t\t\t\t\t\t\t\t\t<section class=\"elementor-section elementor-top-section elementor-element elementor-element-6e7369f elementor-section-full_width elementor-section-stretched elementor-section-height-default elementor-section-height-default\" data-id=\"6e7369f\" data-element_type=\"section\" data-settings=\"{&quot;stretch_section&quot;:&quot;section-stretched&quot;}\">\n\t\t\t\t\t\t<div class=\"elementor-container elementor-column-gap-default\">\n\t\t\t\t\t\t\t<div class=\"elementor-row\">\n\t\t\t\t\t<div class=\"elementor-column elementor-col-100 elementor-top-column elementor-element elementor-element-ce4213d\" data-id=\"ce4213d\" data-element_type=\"column\">\n\t\t\t<div class=\"elementor-column-wrap elementor-element-populated\">\n\t\t\t\t\t\t\t<div class=\"elementor-widget-wrap\">\n\t\t\t\t\t\t<div class=\"elementor-element elementor-element-5e00d1f elementor-arrows-position-inside elementor-widget elementor-widget-image-carousel\" data-id=\"5e00d1f\" data-element_type=\"widget\" data-settings=\"{&quot;slides_to_show&quot;:&quot;1&quot;,&quot;navigation&quot;:&quot;arrows&quot;,&quot;autoplay_speed&quot;:7000,&quot;autoplay&quot;:&quot;yes&quot;,&quot;pause_on_hover&quot;:&quot;yes&quot;,&quot;pause_on_interaction&quot;:&quot;yes&quot;,&quot;infinite&quot;:&quot;yes&quot;,&quot;effect&quot;:&quot;slide&quot;,&quot;speed&quot;:500}\" data-widget_type=\"image-carousel.default\">\n\t\t\t\t<div class=\"elementor-widget-container\">\n\t\t\t\t\t<div class=\"elementor-image-carousel-wrapper swiper-container\" dir=\"ltr\">\n\t\t\t<div class=\"elementor-image-carousel swiper-wrapper\">\n\t\t\t\t\t\t\t\t<div class=\"swiper-slide\"><figure class=\"swiper-slide-inner\"><img decoding=\"async\" class=\"swiper-slide-image\" src=\"https:\/\/castilhoind.com\/ES\/wp-content\/uploads\/2020\/10\/Castilho_Banner-Site-Rolete-Masterflex-05_espanhol.jpg\" alt=\"Castilho_Banner Site - Rolete Masterflex 05_espanhol\" \/><\/figure><\/div><div class=\"swiper-slide\"><figure class=\"swiper-slide-inner\"><img decoding=\"async\" class=\"swiper-slide-image\" src=\"https:\/\/castilhoind.com\/ES\/wp-content\/uploads\/2020\/10\/Castilho_Banner-Site-Rolete-Masterflex-10x10_espanhol.jpg\" alt=\"Castilho_Banner Site - Rolete Masterflex 10x10_espanhol\" \/><\/figure><\/div><div class=\"swiper-slide\"><figure class=\"swiper-slide-inner\"><img decoding=\"async\" class=\"swiper-slide-image\" src=\"https:\/\/castilhoind.com\/ES\/wp-content\/uploads\/2020\/10\/Castilho_Banner-Site-Rolete-Ultraflex-05_espanhol.jpg\" alt=\"Castilho_Banner Site - Rolete Ultraflex 05_espanhol\" \/><\/figure><\/div><div class=\"swiper-slide\"><figure class=\"swiper-slide-inner\"><img decoding=\"async\" class=\"swiper-slide-image\" src=\"https:\/\/castilhoind.com\/ES\/wp-content\/uploads\/2020\/10\/Castilho_Banner-Site-Rolete-Ultraflex-10x10_espanhol.jpg\" alt=\"Castilho_Banner Site - Rolete Ultraflex 10x10_espanhol\" \/><\/figure><\/div><div class=\"swiper-slide\"><figure class=\"swiper-slide-inner\"><img decoding=\"async\" class=\"swiper-slide-image\" src=\"https:\/\/castilhoind.com\/ES\/wp-content\/uploads\/2020\/10\/Castilho_Banner-Site-Breque_espanhol.jpg\" alt=\"Castilho_Banner Site - Breque_espanhol\" \/><\/figure><\/div>\t\t\t<\/div>\n\t\t\t\t\t\t\t\t\t\t\t\t\t\t\t\t<div class=\"elementor-swiper-button elementor-swiper-button-prev\">\n\t\t\t\t\t\t<i aria-hidden=\"true\" class=\"eicon-chevron-left\"><\/i>\t\t\t\t\t\t<span class=\"elementor-screen-only\">Anterior<\/span>\n\t\t\t\t\t<\/div>\n\t\t\t\t\t<div class=\"elementor-swiper-button elementor-swiper-button-next\">\n\t\t\t\t\t\t<i aria-hidden=\"true\" class=\"eicon-chevron-right\"><\/i>\t\t\t\t\t\t<span class=\"elementor-screen-only\">Pr\u00f3ximo<\/span>\n\t\t\t\t\t<\/div>\n\t\t\t\t\t\t\t\t\t<\/div>\n\t\t\t\t<\/div>\n\t\t\t\t<\/div>\n\t\t\t\t\t\t<\/div>\n\t\t\t\t\t<\/div>\n\t\t<\/div>\n\t\t\t\t\t\t\t\t<\/div>\n\t\t\t\t\t<\/div>\n\t\t<\/section>\n\t\t\t\t<section class=\"elementor-section elementor-top-section elementor-element elementor-element-bb0b57b elementor-section-boxed elementor-section-height-default elementor-section-height-default\" data-id=\"bb0b57b\" data-element_type=\"section\" data-settings=\"{&quot;background_background&quot;:&quot;classic&quot;}\">\n\t\t\t\t\t\t\t<div class=\"elementor-background-overlay\"><\/div>\n\t\t\t\t\t\t\t<div class=\"elementor-container elementor-column-gap-default\">\n\t\t\t\t\t\t\t<div class=\"elementor-row\">\n\t\t\t\t\t<div class=\"elementor-column elementor-col-100 elementor-top-column elementor-element elementor-element-b333161\" data-id=\"b333161\" data-element_type=\"column\">\n\t\t\t<div class=\"elementor-column-wrap elementor-element-populated\">\n\t\t\t\t\t\t\t<div class=\"elementor-widget-wrap\">\n\t\t\t\t\t\t<div class=\"elementor-element elementor-element-3231aa7 elementor-align-center elementor-widget elementor-widget-button\" data-id=\"3231aa7\" data-element_type=\"widget\" data-widget_type=\"button.default\">\n\t\t\t\t<div class=\"elementor-widget-container\">\n\t\t\t\t\t<div class=\"elementor-button-wrapper\">\n\t\t\t<a href=\"https:\/\/castilhoind.com\/ES\/beneficiamento-de-graos\/\" class=\"elementor-button-link elementor-button elementor-size-sm\" role=\"button\">\n\t\t\t\t\t\t<span class=\"elementor-button-content-wrapper\">\n\t\t\t\t\t\t<span class=\"elementor-button-text\">PRODUCTOS<\/span>\n\t\t<\/span>\n\t\t\t\t\t<\/a>\n\t\t<\/div>\n\t\t\t\t<\/div>\n\t\t\t\t<\/div>\n\t\t\t\t\t\t<\/div>\n\t\t\t\t\t<\/div>\n\t\t<\/div>\n\t\t\t\t\t\t\t\t<\/div>\n\t\t\t\t\t<\/div>\n\t\t<\/section>\n\t\t\t\t<section class=\"elementor-section elementor-top-section elementor-element elementor-element-bf1f26d elementor-section-boxed elementor-section-height-default elementor-section-height-default\" data-id=\"bf1f26d\" data-element_type=\"section\" data-settings=\"{&quot;background_background&quot;:&quot;classic&quot;}\">\n\t\t\t\t\t\t\t<div class=\"elementor-background-overlay\"><\/div>\n\t\t\t\t\t\t\t<div class=\"elementor-container elementor-column-gap-default\">\n\t\t\t\t\t\t\t<div class=\"elementor-row\">\n\t\t\t\t\t<div class=\"elementor-column elementor-col-20 elementor-top-column elementor-element elementor-element-669b35a\" data-id=\"669b35a\" data-element_type=\"column\">\n\t\t\t<div class=\"elementor-column-wrap elementor-element-populated\">\n\t\t\t\t\t\t\t<div class=\"elementor-widget-wrap\">\n\t\t\t\t\t\t<div class=\"elementor-element elementor-element-4fb7cd4 elementor-position-top elementor-vertical-align-top elementor-widget elementor-widget-image-box\" data-id=\"4fb7cd4\" data-element_type=\"widget\" data-widget_type=\"image-box.default\">\n\t\t\t\t<div class=\"elementor-widget-container\">\n\t\t\t<div class=\"elementor-image-box-wrapper\"><figure class=\"elementor-image-box-img\"><img decoding=\"async\" width=\"2000\" height=\"2000\" src=\"https:\/\/castilhoind.com\/ES\/wp-content\/uploads\/2020\/10\/Masterflex-10x10_001.png\" class=\"attachment-full size-full wp-image-338\" alt=\"\" loading=\"lazy\" srcset=\"https:\/\/castilhoind.com\/ES\/wp-content\/uploads\/2020\/10\/Masterflex-10x10_001.png 2000w, https:\/\/castilhoind.com\/ES\/wp-content\/uploads\/2020\/10\/Masterflex-10x10_001-300x300.png 300w, https:\/\/castilhoind.com\/ES\/wp-content\/uploads\/2020\/10\/Masterflex-10x10_001-1024x1024.png 1024w, https:\/\/castilhoind.com\/ES\/wp-content\/uploads\/2020\/10\/Masterflex-10x10_001-150x150.png 150w, https:\/\/castilhoind.com\/ES\/wp-content\/uploads\/2020\/10\/Masterflex-10x10_001-768x768.png 768w, https:\/\/castilhoind.com\/ES\/wp-content\/uploads\/2020\/10\/Masterflex-10x10_001-1536x1536.png 1536w, https:\/\/castilhoind.com\/ES\/wp-content\/uploads\/2020\/10\/Masterflex-10x10_001-100x100.png 100w, https:\/\/castilhoind.com\/ES\/wp-content\/uploads\/2020\/10\/Masterflex-10x10_001-200x200.png 200w, https:\/\/castilhoind.com\/ES\/wp-content\/uploads\/2020\/10\/Masterflex-10x10_001-450x450.png 450w, https:\/\/castilhoind.com\/ES\/wp-content\/uploads\/2020\/10\/Masterflex-10x10_001-600x600.png 600w, https:\/\/castilhoind.com\/ES\/wp-content\/uploads\/2020\/10\/Masterflex-10x10_001-900x900.png 900w\" sizes=\"(max-width: 2000px) 100vw, 2000px\" \/><\/figure><div class=\"elementor-image-box-content\"><h3 class=\"elementor-image-box-title\">RODILLO MASTERFLEX 10x10<\/h3><p class=\"elementor-image-box-description\">Est\u00e1ndar y Calidad <BR>\nProceso certificado ISO 9001 <br>\nAlto rendimiento con menor tasa de rotura <br>\n\u00cdndice de peeling m\u00e1s alto <br>\nDurabilidad <br>\nMejor beneficio de costo<\/p><\/div><\/div>\t\t<\/div>\n\t\t\t\t<\/div>\n\t\t\t\t<div class=\"elementor-element elementor-element-392a7e0 elementor-align-center elementor-widget elementor-widget-button\" data-id=\"392a7e0\" data-element_type=\"widget\" data-widget_type=\"button.default\">\n\t\t\t\t<div class=\"elementor-widget-container\">\n\t\t\t\t\t<div class=\"elementor-button-wrapper\">\n\t\t\t<a href=\"#elementor-action%3Aaction%3Dpopup%3Aopen%26settings%3DeyJpZCI6IjUxNyIsInRvZ2dsZSI6ZmFsc2V9\" class=\"elementor-button-link elementor-button elementor-size-xs\" role=\"button\">\n\t\t\t\t\t\t<span class=\"elementor-button-content-wrapper\">\n\t\t\t\t\t\t<span class=\"elementor-button-text\">VER M\u00c1S<\/span>\n\t\t<\/span>\n\t\t\t\t\t<\/a>\n\t\t<\/div>\n\t\t\t\t<\/div>\n\t\t\t\t<\/div>\n\t\t\t\t\t\t<\/div>\n\t\t\t\t\t<\/div>\n\t\t<\/div>\n\t\t\t\t<div class=\"elementor-column elementor-col-20 elementor-top-column elementor-element elementor-element-5f05902\" data-id=\"5f05902\" data-element_type=\"column\">\n\t\t\t<div class=\"elementor-column-wrap elementor-element-populated\">\n\t\t\t\t\t\t\t<div class=\"elementor-widget-wrap\">\n\t\t\t\t\t\t<div class=\"elementor-element elementor-element-ec5fb99 elementor-position-top elementor-vertical-align-top elementor-widget elementor-widget-image-box\" data-id=\"ec5fb99\" data-element_type=\"widget\" data-widget_type=\"image-box.default\">\n\t\t\t\t<div class=\"elementor-widget-container\">\n\t\t\t<div class=\"elementor-image-box-wrapper\"><figure class=\"elementor-image-box-img\"><img decoding=\"async\" width=\"2000\" height=\"2000\" src=\"https:\/\/castilhoind.com\/ES\/wp-content\/uploads\/2020\/10\/Masterflex-N5_001.png\" class=\"attachment-full size-full wp-image-339\" alt=\"\" loading=\"lazy\" srcset=\"https:\/\/castilhoind.com\/ES\/wp-content\/uploads\/2020\/10\/Masterflex-N5_001.png 2000w, https:\/\/castilhoind.com\/ES\/wp-content\/uploads\/2020\/10\/Masterflex-N5_001-300x300.png 300w, https:\/\/castilhoind.com\/ES\/wp-content\/uploads\/2020\/10\/Masterflex-N5_001-1024x1024.png 1024w, https:\/\/castilhoind.com\/ES\/wp-content\/uploads\/2020\/10\/Masterflex-N5_001-150x150.png 150w, https:\/\/castilhoind.com\/ES\/wp-content\/uploads\/2020\/10\/Masterflex-N5_001-768x768.png 768w, https:\/\/castilhoind.com\/ES\/wp-content\/uploads\/2020\/10\/Masterflex-N5_001-1536x1536.png 1536w, https:\/\/castilhoind.com\/ES\/wp-content\/uploads\/2020\/10\/Masterflex-N5_001-100x100.png 100w, https:\/\/castilhoind.com\/ES\/wp-content\/uploads\/2020\/10\/Masterflex-N5_001-200x200.png 200w, https:\/\/castilhoind.com\/ES\/wp-content\/uploads\/2020\/10\/Masterflex-N5_001-450x450.png 450w, https:\/\/castilhoind.com\/ES\/wp-content\/uploads\/2020\/10\/Masterflex-N5_001-600x600.png 600w, https:\/\/castilhoind.com\/ES\/wp-content\/uploads\/2020\/10\/Masterflex-N5_001-900x900.png 900w\" sizes=\"(max-width: 2000px) 100vw, 2000px\" \/><\/figure><div class=\"elementor-image-box-content\"><h3 class=\"elementor-image-box-title\">RODILLO MASTERFLEX N\u00ba 05<\/h3><p class=\"elementor-image-box-description\">Est\u00e1ndar y Calidad <BR>\nProceso certificado ISO 9001 <br>\nAlto rendimiento con menor tasa de rotura <br>\n\u00cdndice de peeling m\u00e1s alto <br>\nDurabilidad <br>\nMejor beneficio de costo<\/p><\/div><\/div>\t\t<\/div>\n\t\t\t\t<\/div>\n\t\t\t\t<div class=\"elementor-element elementor-element-1bc6006 elementor-align-center elementor-widget elementor-widget-button\" data-id=\"1bc6006\" data-element_type=\"widget\" data-widget_type=\"button.default\">\n\t\t\t\t<div class=\"elementor-widget-container\">\n\t\t\t\t\t<div class=\"elementor-button-wrapper\">\n\t\t\t<a href=\"#elementor-action%3Aaction%3Dpopup%3Aopen%26settings%3DeyJpZCI6IjUyMyIsInRvZ2dsZSI6ZmFsc2V9\" class=\"elementor-button-link elementor-button elementor-size-xs\" role=\"button\">\n\t\t\t\t\t\t<span class=\"elementor-button-content-wrapper\">\n\t\t\t\t\t\t<span class=\"elementor-button-text\">VER M\u00c1S<\/span>\n\t\t<\/span>\n\t\t\t\t\t<\/a>\n\t\t<\/div>\n\t\t\t\t<\/div>\n\t\t\t\t<\/div>\n\t\t\t\t\t\t<\/div>\n\t\t\t\t\t<\/div>\n\t\t<\/div>\n\t\t\t\t<div class=\"elementor-column elementor-col-20 elementor-top-column elementor-element elementor-element-e16cf04\" data-id=\"e16cf04\" data-element_type=\"column\">\n\t\t\t<div class=\"elementor-column-wrap elementor-element-populated\">\n\t\t\t\t\t\t\t<div class=\"elementor-widget-wrap\">\n\t\t\t\t\t\t<div class=\"elementor-element elementor-element-96dd542 elementor-position-top elementor-vertical-align-top elementor-widget elementor-widget-image-box\" data-id=\"96dd542\" data-element_type=\"widget\" data-widget_type=\"image-box.default\">\n\t\t\t\t<div class=\"elementor-widget-container\">\n\t\t\t<div class=\"elementor-image-box-wrapper\"><figure class=\"elementor-image-box-img\"><img decoding=\"async\" width=\"2000\" height=\"2000\" src=\"https:\/\/castilhoind.com\/ES\/wp-content\/uploads\/2020\/10\/Ultraflex-10x10_001.png\" class=\"attachment-full size-full wp-image-340\" alt=\"\" loading=\"lazy\" srcset=\"https:\/\/castilhoind.com\/ES\/wp-content\/uploads\/2020\/10\/Ultraflex-10x10_001.png 2000w, https:\/\/castilhoind.com\/ES\/wp-content\/uploads\/2020\/10\/Ultraflex-10x10_001-300x300.png 300w, https:\/\/castilhoind.com\/ES\/wp-content\/uploads\/2020\/10\/Ultraflex-10x10_001-1024x1024.png 1024w, https:\/\/castilhoind.com\/ES\/wp-content\/uploads\/2020\/10\/Ultraflex-10x10_001-150x150.png 150w, https:\/\/castilhoind.com\/ES\/wp-content\/uploads\/2020\/10\/Ultraflex-10x10_001-768x768.png 768w, https:\/\/castilhoind.com\/ES\/wp-content\/uploads\/2020\/10\/Ultraflex-10x10_001-1536x1536.png 1536w, https:\/\/castilhoind.com\/ES\/wp-content\/uploads\/2020\/10\/Ultraflex-10x10_001-100x100.png 100w, https:\/\/castilhoind.com\/ES\/wp-content\/uploads\/2020\/10\/Ultraflex-10x10_001-200x200.png 200w, https:\/\/castilhoind.com\/ES\/wp-content\/uploads\/2020\/10\/Ultraflex-10x10_001-450x450.png 450w, https:\/\/castilhoind.com\/ES\/wp-content\/uploads\/2020\/10\/Ultraflex-10x10_001-600x600.png 600w, https:\/\/castilhoind.com\/ES\/wp-content\/uploads\/2020\/10\/Ultraflex-10x10_001-900x900.png 900w\" sizes=\"(max-width: 2000px) 100vw, 2000px\" \/><\/figure><div class=\"elementor-image-box-content\"><h3 class=\"elementor-image-box-title\">RODILLO ULTRAFLEX<br>10X10<\/h3><p class=\"elementor-image-box-description\">Est\u00e1ndar y Calidad <BR>\nProceso certificado ISO 9001 <br>\nAlto rendimiento con menor tasa de rotura <br>\n\u00cdndice de peeling m\u00e1s alto <br>\nDurabilidad <br>\nMejor beneficio de costo<\/p><\/div><\/div>\t\t<\/div>\n\t\t\t\t<\/div>\n\t\t\t\t<div class=\"elementor-element elementor-element-d22bc06 elementor-align-center elementor-widget elementor-widget-button\" data-id=\"d22bc06\" data-element_type=\"widget\" data-widget_type=\"button.default\">\n\t\t\t\t<div class=\"elementor-widget-container\">\n\t\t\t\t\t<div class=\"elementor-button-wrapper\">\n\t\t\t<a href=\"#elementor-action%3Aaction%3Dpopup%3Aopen%26settings%3DeyJpZCI6IjUyOCIsInRvZ2dsZSI6ZmFsc2V9\" class=\"elementor-button-link elementor-button elementor-size-xs\" role=\"button\">\n\t\t\t\t\t\t<span class=\"elementor-button-content-wrapper\">\n\t\t\t\t\t\t<span class=\"elementor-button-text\">VER M\u00c1S<\/span>\n\t\t<\/span>\n\t\t\t\t\t<\/a>\n\t\t<\/div>\n\t\t\t\t<\/div>\n\t\t\t\t<\/div>\n\t\t\t\t\t\t<\/div>\n\t\t\t\t\t<\/div>\n\t\t<\/div>\n\t\t\t\t<div class=\"elementor-column elementor-col-20 elementor-top-column elementor-element elementor-element-3fed18e\" data-id=\"3fed18e\" data-element_type=\"column\">\n\t\t\t<div class=\"elementor-column-wrap elementor-element-populated\">\n\t\t\t\t\t\t\t<div class=\"elementor-widget-wrap\">\n\t\t\t\t\t\t<div class=\"elementor-element elementor-element-a3ce6d2 elementor-position-top elementor-vertical-align-top elementor-widget elementor-widget-image-box\" data-id=\"a3ce6d2\" data-element_type=\"widget\" data-widget_type=\"image-box.default\">\n\t\t\t\t<div class=\"elementor-widget-container\">\n\t\t\t<div class=\"elementor-image-box-wrapper\"><figure class=\"elementor-image-box-img\"><img decoding=\"async\" width=\"2000\" height=\"2000\" src=\"https:\/\/castilhoind.com\/ES\/wp-content\/uploads\/2020\/10\/Ultraflex-N5_001.png\" class=\"attachment-full size-full wp-image-341\" alt=\"\" loading=\"lazy\" srcset=\"https:\/\/castilhoind.com\/ES\/wp-content\/uploads\/2020\/10\/Ultraflex-N5_001.png 2000w, https:\/\/castilhoind.com\/ES\/wp-content\/uploads\/2020\/10\/Ultraflex-N5_001-300x300.png 300w, https:\/\/castilhoind.com\/ES\/wp-content\/uploads\/2020\/10\/Ultraflex-N5_001-1024x1024.png 1024w, https:\/\/castilhoind.com\/ES\/wp-content\/uploads\/2020\/10\/Ultraflex-N5_001-150x150.png 150w, https:\/\/castilhoind.com\/ES\/wp-content\/uploads\/2020\/10\/Ultraflex-N5_001-768x768.png 768w, https:\/\/castilhoind.com\/ES\/wp-content\/uploads\/2020\/10\/Ultraflex-N5_001-1536x1536.png 1536w, https:\/\/castilhoind.com\/ES\/wp-content\/uploads\/2020\/10\/Ultraflex-N5_001-100x100.png 100w, https:\/\/castilhoind.com\/ES\/wp-content\/uploads\/2020\/10\/Ultraflex-N5_001-200x200.png 200w, https:\/\/castilhoind.com\/ES\/wp-content\/uploads\/2020\/10\/Ultraflex-N5_001-450x450.png 450w, https:\/\/castilhoind.com\/ES\/wp-content\/uploads\/2020\/10\/Ultraflex-N5_001-600x600.png 600w, https:\/\/castilhoind.com\/ES\/wp-content\/uploads\/2020\/10\/Ultraflex-N5_001-900x900.png 900w\" sizes=\"(max-width: 2000px) 100vw, 2000px\" \/><\/figure><div class=\"elementor-image-box-content\"><h3 class=\"elementor-image-box-title\">RODILLO ULTRAFLEX<br> N\u00ba 05<\/h3><p class=\"elementor-image-box-description\">Est\u00e1ndar y Calidad <BR>\nProceso certificado ISO 9001 <br>\nAlto rendimiento con menor tasa de rotura <br>\n\u00cdndice de peeling m\u00e1s alto <br>\nDurabilidad <br>\nMejor beneficio de costo<\/p><\/div><\/div>\t\t<\/div>\n\t\t\t\t<\/div>\n\t\t\t\t<div class=\"elementor-element elementor-element-21652d1 elementor-align-center elementor-widget elementor-widget-button\" data-id=\"21652d1\" data-element_type=\"widget\" data-widget_type=\"button.default\">\n\t\t\t\t<div class=\"elementor-widget-container\">\n\t\t\t\t\t<div class=\"elementor-button-wrapper\">\n\t\t\t<a href=\"#elementor-action%3Aaction%3Dpopup%3Aopen%26settings%3DeyJpZCI6IjUzMSIsInRvZ2dsZSI6ZmFsc2V9\" class=\"elementor-button-link elementor-button elementor-size-xs\" role=\"button\">\n\t\t\t\t\t\t<span class=\"elementor-button-content-wrapper\">\n\t\t\t\t\t\t<span class=\"elementor-button-text\">VER M\u00c1S<\/span>\n\t\t<\/span>\n\t\t\t\t\t<\/a>\n\t\t<\/div>\n\t\t\t\t<\/div>\n\t\t\t\t<\/div>\n\t\t\t\t\t\t<\/div>\n\t\t\t\t\t<\/div>\n\t\t<\/div>\n\t\t\t\t<div class=\"elementor-column elementor-col-20 elementor-top-column elementor-element elementor-element-6d6a891\" data-id=\"6d6a891\" data-element_type=\"column\">\n\t\t\t<div class=\"elementor-column-wrap elementor-element-populated\">\n\t\t\t\t\t\t\t<div class=\"elementor-widget-wrap\">\n\t\t\t\t\t\t<div class=\"elementor-element elementor-element-f28e547 elementor-position-top elementor-vertical-align-top elementor-widget elementor-widget-image-box\" data-id=\"f28e547\" data-element_type=\"widget\" data-widget_type=\"image-box.default\">\n\t\t\t\t<div class=\"elementor-widget-container\">\n\t\t\t<div class=\"elementor-image-box-wrapper\"><figure class=\"elementor-image-box-img\"><img decoding=\"async\" width=\"2000\" height=\"1432\" src=\"https:\/\/castilhoind.com\/ES\/wp-content\/uploads\/2020\/10\/Breques-2.png\" class=\"attachment-full size-full wp-image-380\" alt=\"\" loading=\"lazy\" srcset=\"https:\/\/castilhoind.com\/ES\/wp-content\/uploads\/2020\/10\/Breques-2.png 2000w, https:\/\/castilhoind.com\/ES\/wp-content\/uploads\/2020\/10\/Breques-2-300x215.png 300w, https:\/\/castilhoind.com\/ES\/wp-content\/uploads\/2020\/10\/Breques-2-1024x733.png 1024w, https:\/\/castilhoind.com\/ES\/wp-content\/uploads\/2020\/10\/Breques-2-768x550.png 768w, https:\/\/castilhoind.com\/ES\/wp-content\/uploads\/2020\/10\/Breques-2-1536x1100.png 1536w, https:\/\/castilhoind.com\/ES\/wp-content\/uploads\/2020\/10\/Breques-2-100x72.png 100w, https:\/\/castilhoind.com\/ES\/wp-content\/uploads\/2020\/10\/Breques-2-150x107.png 150w, https:\/\/castilhoind.com\/ES\/wp-content\/uploads\/2020\/10\/Breques-2-200x143.png 200w, https:\/\/castilhoind.com\/ES\/wp-content\/uploads\/2020\/10\/Breques-2-450x322.png 450w, https:\/\/castilhoind.com\/ES\/wp-content\/uploads\/2020\/10\/Breques-2-600x430.png 600w, https:\/\/castilhoind.com\/ES\/wp-content\/uploads\/2020\/10\/Breques-2-900x644.png 900w\" sizes=\"(max-width: 2000px) 100vw, 2000px\" \/><\/figure><div class=\"elementor-image-box-content\"><h3 class=\"elementor-image-box-title\">BREQUES<br> <\/h3><p class=\"elementor-image-box-description\">Est\u00e1ndar y Calidad <BR>\nProceso certificado ISO 9001 <br>\nAlto rendimiento con menor tasa de rotura <br>\n\u00cdndice de peeling m\u00e1s alto <br>\nDurabilidad <br>\nMejor beneficio de costo<\/p><\/div><\/div>\t\t<\/div>\n\t\t\t\t<\/div>\n\t\t\t\t<div class=\"elementor-element elementor-element-624523f elementor-align-center elementor-widget elementor-widget-button\" data-id=\"624523f\" data-element_type=\"widget\" data-widget_type=\"button.default\">\n\t\t\t\t<div class=\"elementor-widget-container\">\n\t\t\t\t\t<div class=\"elementor-button-wrapper\">\n\t\t\t<a href=\"#elementor-action%3Aaction%3Dpopup%3Aopen%26settings%3DeyJpZCI6IjUxMSIsInRvZ2dsZSI6ZmFsc2V9\" class=\"elementor-button-link elementor-button elementor-size-xs\" role=\"button\">\n\t\t\t\t\t\t<span class=\"elementor-button-content-wrapper\">\n\t\t\t\t\t\t<span class=\"elementor-button-text\">VER M\u00c1S<\/span>\n\t\t<\/span>\n\t\t\t\t\t<\/a>\n\t\t<\/div>\n\t\t\t\t<\/div>\n\t\t\t\t<\/div>\n\t\t\t\t\t\t<\/div>\n\t\t\t\t\t<\/div>\n\t\t<\/div>\n\t\t\t\t\t\t\t\t<\/div>\n\t\t\t\t\t<\/div>\n\t\t<\/section>\n\t\t\t\t<section class=\"elementor-section elementor-top-section elementor-element elementor-element-1ba61dc elementor-section-height-min-height elementor-section-full_width elementor-section-height-default elementor-section-items-middle\" data-id=\"1ba61dc\" data-element_type=\"section\" data-settings=\"{&quot;background_background&quot;:&quot;classic&quot;}\">\n\t\t\t\t\t\t\t<div class=\"elementor-background-overlay\"><\/div>\n\t\t\t\t\t\t\t<div class=\"elementor-container elementor-column-gap-default\">\n\t\t\t\t\t\t\t<div class=\"elementor-row\">\n\t\t\t\t\t<div class=\"elementor-column elementor-col-33 elementor-top-column elementor-element elementor-element-ce2f515\" data-id=\"ce2f515\" data-element_type=\"column\" data-settings=\"{&quot;background_background&quot;:&quot;classic&quot;}\">\n\t\t\t<div class=\"elementor-column-wrap\">\n\t\t\t\t\t\t\t<div class=\"elementor-widget-wrap\">\n\t\t\t\t\t\t\t\t<\/div>\n\t\t\t\t\t<\/div>\n\t\t<\/div>\n\t\t\t\t<div class=\"elementor-column elementor-col-33 elementor-top-column elementor-element elementor-element-8962378\" data-id=\"8962378\" data-element_type=\"column\" data-settings=\"{&quot;background_background&quot;:&quot;classic&quot;}\">\n\t\t\t<div class=\"elementor-column-wrap elementor-element-populated\">\n\t\t\t\t\t\t\t<div class=\"elementor-widget-wrap\">\n\t\t\t\t\t\t<div class=\"elementor-element elementor-element-d15fa63 elementor-align-center elementor-widget elementor-widget-button\" data-id=\"d15fa63\" data-element_type=\"widget\" data-widget_type=\"button.default\">\n\t\t\t\t<div class=\"elementor-widget-container\">\n\t\t\t\t\t<div class=\"elementor-button-wrapper\">\n\t\t\t<a href=\"#elementor-action%3Aaction%3Dpopup%3Aopen%26settings%3DeyJpZCI6IjQ1OCIsInRvZ2dsZSI6ZmFsc2V9\" class=\"elementor-button-link elementor-button elementor-size-lg\" role=\"button\">\n\t\t\t\t\t\t<span class=\"elementor-button-content-wrapper\">\n\t\t\t\t\t\t<span class=\"elementor-button-text\"> SOLICITE SU PRESUPUESTO<\/span>\n\t\t<\/span>\n\t\t\t\t\t<\/a>\n\t\t<\/div>\n\t\t\t\t<\/div>\n\t\t\t\t<\/div>\n\t\t\t\t\t\t<\/div>\n\t\t\t\t\t<\/div>\n\t\t<\/div>\n\t\t\t\t<div class=\"elementor-column elementor-col-33 elementor-top-column elementor-element elementor-element-47010b6\" data-id=\"47010b6\" data-element_type=\"column\" data-settings=\"{&quot;background_background&quot;:&quot;classic&quot;}\">\n\t\t\t<div class=\"elementor-column-wrap\">\n\t\t\t\t\t\t\t<div class=\"elementor-widget-wrap\">\n\t\t\t\t\t\t\t\t<\/div>\n\t\t\t\t\t<\/div>\n\t\t<\/div>\n\t\t\t\t\t\t\t\t<\/div>\n\t\t\t\t\t<\/div>\n\t\t<\/section>\n\t\t\t\t\t\t\t\t\t<\/div>\n\t\t\t<\/div>\n\t\t\t\t\t<\/div>\n\t\t","protected":false},"excerpt":{"rendered":"<p>Anterior Pr\u00f3ximo PRODUCTOS RODILLO MASTERFLEX 10&#215;10 Est\u00e1ndar y Calidad Proceso certificado ISO 9001 Alto rendimiento con menor tasa de rotura \u00cdndice de peeling m\u00e1s alto Durabilidad Mejor beneficio de costo VER M\u00c1S RODILLO MASTERFLEX N\u00ba 05 Est\u00e1ndar y Calidad Proceso &hellip;<\/p>\n<p class=\"read-more\"> <a class=\"more-link\" href=\"https:\/\/castilhoind.com\/ES\/\"> <span class=\"screen-reader-text\">Home-Espanhol<\/span> Read More &raquo;<\/a><\/p>\n","protected":false},"author":1,"featured_media":0,"parent":0,"menu_order":0,"comment_status":"closed","ping_status":"closed","template":"elementor_header_footer","meta":[],"_links":{"self":[{"href":"https:\/\/castilhoind.com\/ES\/wp-json\/wp\/v2\/pages\/476"}],"collection":[{"href":"https:\/\/castilhoind.com\/ES\/wp-json\/wp\/v2\/pages"}],"about":[{"href":"https:\/\/castilhoind.com\/ES\/wp-json\/wp\/v2\/types\/page"}],"author":[{"embeddable":true,"href":"https:\/\/castilhoind.com\/ES\/wp-json\/wp\/v2\/users\/1"}],"replies":[{"embeddable":true,"href":"https:\/\/castilhoind.com\/ES\/wp-json\/wp\/v2\/comments?post=476"}],"version-history":[{"count":7,"href":"https:\/\/castilhoind.com\/ES\/wp-json\/wp\/v2\/pages\/476\/revisions"}],"predecessor-version":[{"id":595,"href":"https:\/\/castilhoind.com\/ES\/wp-json\/wp\/v2\/pages\/476\/revisions\/595"}],"wp:attachment":[{"href":"https:\/\/castilhoind.com\/ES\/wp-json\/wp\/v2\/media?parent=476"}],"curies":[{"name":"wp","href":"https:\/\/api.w.org\/{rel}","templated":true}]}}