{"id":421,"date":"2020-10-01T17:36:04","date_gmt":"2020-10-01T20:36:04","guid":{"rendered":"http:\/\/castilhoind.com\/?page_id=421"},"modified":"2020-10-07T17:40:32","modified_gmt":"2020-10-07T20:40:32","slug":"beneficiamento-de-graos","status":"publish","type":"page","link":"https:\/\/castilhoind.com\/ES\/beneficiamento-de-graos\/","title":{"rendered":"Beneficiamento de Gr\u00e3os"},"content":{"rendered":"\t\t<div data-elementor-type=\"wp-page\" data-elementor-id=\"421\" class=\"elementor elementor-421\">\n\t\t\t\t\t\t<div class=\"elementor-inner\">\n\t\t\t\t<div class=\"elementor-section-wrap\">\n\t\t\t\t\t\t\t\t\t<section class=\"elementor-section elementor-top-section elementor-element elementor-element-d0926bf elementor-section-boxed elementor-section-height-default elementor-section-height-default\" data-id=\"d0926bf\" data-element_type=\"section\" data-settings=\"{&quot;background_background&quot;:&quot;classic&quot;}\">\n\t\t\t\t\t\t\t<div class=\"elementor-background-overlay\"><\/div>\n\t\t\t\t\t\t\t<div class=\"elementor-container elementor-column-gap-default\">\n\t\t\t\t\t\t\t<div class=\"elementor-row\">\n\t\t\t\t\t<div class=\"elementor-column elementor-col-33 elementor-top-column elementor-element elementor-element-0a0637e\" data-id=\"0a0637e\" data-element_type=\"column\">\n\t\t\t<div class=\"elementor-column-wrap\">\n\t\t\t\t\t\t\t<div class=\"elementor-widget-wrap\">\n\t\t\t\t\t\t\t\t<\/div>\n\t\t\t\t\t<\/div>\n\t\t<\/div>\n\t\t\t\t<div class=\"elementor-column elementor-col-33 elementor-top-column elementor-element elementor-element-7ebbfc5\" data-id=\"7ebbfc5\" data-element_type=\"column\">\n\t\t\t<div class=\"elementor-column-wrap elementor-element-populated\">\n\t\t\t\t\t\t\t<div class=\"elementor-widget-wrap\">\n\t\t\t\t\t\t<div class=\"elementor-element elementor-element-7ccc9cc elementor-widget elementor-widget-heading\" data-id=\"7ccc9cc\" data-element_type=\"widget\" data-widget_type=\"heading.default\">\n\t\t\t\t<div class=\"elementor-widget-container\">\n\t\t\t<h2 class=\"elementor-heading-title elementor-size-default\">\nINDUSTRIA DE GRANOS<\/h2>\t\t<\/div>\n\t\t\t\t<\/div>\n\t\t\t\t\t\t<\/div>\n\t\t\t\t\t<\/div>\n\t\t<\/div>\n\t\t\t\t<div class=\"elementor-column elementor-col-33 elementor-top-column elementor-element elementor-element-b45977a\" data-id=\"b45977a\" data-element_type=\"column\">\n\t\t\t<div class=\"elementor-column-wrap elementor-element-populated\">\n\t\t\t\t\t\t\t<div class=\"elementor-widget-wrap\">\n\t\t\t\t\t\t<div class=\"elementor-element elementor-element-60b976c elementor-widget elementor-widget-image\" data-id=\"60b976c\" data-element_type=\"widget\" data-widget_type=\"image.default\">\n\t\t\t\t<div class=\"elementor-widget-container\">\n\t\t\t\t\t\t\t\t<div class=\"elementor-image\">\n\t\t\t\t\t\t\t\t\t\t\t\t<img decoding=\"async\" width=\"232\" height=\"240\" src=\"https:\/\/castilhoind.com\/ES\/wp-content\/uploads\/2020\/10\/iso-abnt-ESP..png\" class=\"attachment-full size-full wp-image-495\" alt=\"\" loading=\"lazy\" srcset=\"https:\/\/castilhoind.com\/ES\/wp-content\/uploads\/2020\/10\/iso-abnt-ESP..png 232w, https:\/\/castilhoind.com\/ES\/wp-content\/uploads\/2020\/10\/iso-abnt-ESP.-100x103.png 100w, https:\/\/castilhoind.com\/ES\/wp-content\/uploads\/2020\/10\/iso-abnt-ESP.-150x155.png 150w, https:\/\/castilhoind.com\/ES\/wp-content\/uploads\/2020\/10\/iso-abnt-ESP.-200x207.png 200w\" sizes=\"(max-width: 232px) 100vw, 232px\" \/>\t\t\t\t\t\t\t\t\t\t\t\t\t\t<\/div>\n\t\t\t\t\t\t<\/div>\n\t\t\t\t<\/div>\n\t\t\t\t\t\t<\/div>\n\t\t\t\t\t<\/div>\n\t\t<\/div>\n\t\t\t\t\t\t\t\t<\/div>\n\t\t\t\t\t<\/div>\n\t\t<\/section>\n\t\t\t\t<section class=\"elementor-section elementor-top-section elementor-element elementor-element-dc753f9 elementor-section-boxed elementor-section-height-default elementor-section-height-default\" data-id=\"dc753f9\" data-element_type=\"section\" data-settings=\"{&quot;background_background&quot;:&quot;classic&quot;}\">\n\t\t\t\t\t\t\t<div class=\"elementor-background-overlay\"><\/div>\n\t\t\t\t\t\t\t<div class=\"elementor-container elementor-column-gap-default\">\n\t\t\t\t\t\t\t<div class=\"elementor-row\">\n\t\t\t\t\t<div class=\"elementor-column elementor-col-33 elementor-top-column elementor-element elementor-element-dab8de9\" data-id=\"dab8de9\" data-element_type=\"column\">\n\t\t\t<div class=\"elementor-column-wrap elementor-element-populated\">\n\t\t\t\t\t\t\t<div class=\"elementor-widget-wrap\">\n\t\t\t\t\t\t<div class=\"elementor-element elementor-element-8198eb0 elementor-position-top elementor-vertical-align-top elementor-widget elementor-widget-image-box\" data-id=\"8198eb0\" data-element_type=\"widget\" data-widget_type=\"image-box.default\">\n\t\t\t\t<div class=\"elementor-widget-container\">\n\t\t\t<div class=\"elementor-image-box-wrapper\"><figure class=\"elementor-image-box-img\"><img decoding=\"async\" width=\"2000\" height=\"2000\" src=\"https:\/\/castilhoind.com\/ES\/wp-content\/uploads\/2020\/10\/Masterflex-10x10_001-1.png\" class=\"attachment-full size-full wp-image-367\" alt=\"\" loading=\"lazy\" srcset=\"https:\/\/castilhoind.com\/ES\/wp-content\/uploads\/2020\/10\/Masterflex-10x10_001-1.png 2000w, https:\/\/castilhoind.com\/ES\/wp-content\/uploads\/2020\/10\/Masterflex-10x10_001-1-300x300.png 300w, https:\/\/castilhoind.com\/ES\/wp-content\/uploads\/2020\/10\/Masterflex-10x10_001-1-1024x1024.png 1024w, https:\/\/castilhoind.com\/ES\/wp-content\/uploads\/2020\/10\/Masterflex-10x10_001-1-150x150.png 150w, https:\/\/castilhoind.com\/ES\/wp-content\/uploads\/2020\/10\/Masterflex-10x10_001-1-768x768.png 768w, https:\/\/castilhoind.com\/ES\/wp-content\/uploads\/2020\/10\/Masterflex-10x10_001-1-1536x1536.png 1536w, https:\/\/castilhoind.com\/ES\/wp-content\/uploads\/2020\/10\/Masterflex-10x10_001-1-100x100.png 100w, https:\/\/castilhoind.com\/ES\/wp-content\/uploads\/2020\/10\/Masterflex-10x10_001-1-200x200.png 200w, https:\/\/castilhoind.com\/ES\/wp-content\/uploads\/2020\/10\/Masterflex-10x10_001-1-450x450.png 450w, https:\/\/castilhoind.com\/ES\/wp-content\/uploads\/2020\/10\/Masterflex-10x10_001-1-600x600.png 600w, https:\/\/castilhoind.com\/ES\/wp-content\/uploads\/2020\/10\/Masterflex-10x10_001-1-900x900.png 900w\" sizes=\"(max-width: 2000px) 100vw, 2000px\" \/><\/figure><div class=\"elementor-image-box-content\"><h3 class=\"elementor-image-box-title\">RODILLO MASTERFLEX 10X10<\/h3><p class=\"elementor-image-box-description\">Est\u00e1ndar y Calidad<br>\nProceso certificado ISO 9001<br>\nAlto rendimiento con menor tasa de rotura<br>\n\u00cdndice de peeling m\u00e1s alto<br>\nDurabilidad<br>\nMejor beneficio de costo\n<\/p><\/div><\/div>\t\t<\/div>\n\t\t\t\t<\/div>\n\t\t\t\t<div class=\"elementor-element elementor-element-843f774 elementor-align-center elementor-widget elementor-widget-button\" data-id=\"843f774\" data-element_type=\"widget\" data-widget_type=\"button.default\">\n\t\t\t\t<div class=\"elementor-widget-container\">\n\t\t\t\t\t<div class=\"elementor-button-wrapper\">\n\t\t\t<a href=\"#elementor-action%3Aaction%3Dpopup%3Aopen%26settings%3DeyJpZCI6IjUxNyIsInRvZ2dsZSI6ZmFsc2V9\" class=\"elementor-button-link elementor-button elementor-size-sm\" role=\"button\">\n\t\t\t\t\t\t<span class=\"elementor-button-content-wrapper\">\n\t\t\t\t\t\t<span class=\"elementor-button-text\">VER M\u00c1S<\/span>\n\t\t<\/span>\n\t\t\t\t\t<\/a>\n\t\t<\/div>\n\t\t\t\t<\/div>\n\t\t\t\t<\/div>\n\t\t\t\t\t\t<\/div>\n\t\t\t\t\t<\/div>\n\t\t<\/div>\n\t\t\t\t<div class=\"elementor-column elementor-col-33 elementor-top-column elementor-element elementor-element-5522f43\" data-id=\"5522f43\" data-element_type=\"column\">\n\t\t\t<div class=\"elementor-column-wrap elementor-element-populated\">\n\t\t\t\t\t\t\t<div class=\"elementor-widget-wrap\">\n\t\t\t\t\t\t<div class=\"elementor-element elementor-element-4347963 elementor-position-top elementor-vertical-align-top elementor-widget elementor-widget-image-box\" data-id=\"4347963\" data-element_type=\"widget\" data-widget_type=\"image-box.default\">\n\t\t\t\t<div class=\"elementor-widget-container\">\n\t\t\t<div class=\"elementor-image-box-wrapper\"><figure class=\"elementor-image-box-img\"><img decoding=\"async\" width=\"2000\" height=\"2000\" src=\"https:\/\/castilhoind.com\/ES\/wp-content\/uploads\/2020\/10\/Masterflex-N5_001-1.png\" class=\"attachment-full size-full wp-image-407\" alt=\"\" loading=\"lazy\" srcset=\"https:\/\/castilhoind.com\/ES\/wp-content\/uploads\/2020\/10\/Masterflex-N5_001-1.png 2000w, https:\/\/castilhoind.com\/ES\/wp-content\/uploads\/2020\/10\/Masterflex-N5_001-1-300x300.png 300w, https:\/\/castilhoind.com\/ES\/wp-content\/uploads\/2020\/10\/Masterflex-N5_001-1-1024x1024.png 1024w, https:\/\/castilhoind.com\/ES\/wp-content\/uploads\/2020\/10\/Masterflex-N5_001-1-150x150.png 150w, https:\/\/castilhoind.com\/ES\/wp-content\/uploads\/2020\/10\/Masterflex-N5_001-1-768x768.png 768w, https:\/\/castilhoind.com\/ES\/wp-content\/uploads\/2020\/10\/Masterflex-N5_001-1-1536x1536.png 1536w, https:\/\/castilhoind.com\/ES\/wp-content\/uploads\/2020\/10\/Masterflex-N5_001-1-100x100.png 100w, https:\/\/castilhoind.com\/ES\/wp-content\/uploads\/2020\/10\/Masterflex-N5_001-1-200x200.png 200w, https:\/\/castilhoind.com\/ES\/wp-content\/uploads\/2020\/10\/Masterflex-N5_001-1-450x450.png 450w, https:\/\/castilhoind.com\/ES\/wp-content\/uploads\/2020\/10\/Masterflex-N5_001-1-600x600.png 600w, https:\/\/castilhoind.com\/ES\/wp-content\/uploads\/2020\/10\/Masterflex-N5_001-1-900x900.png 900w\" sizes=\"(max-width: 2000px) 100vw, 2000px\" \/><\/figure><div class=\"elementor-image-box-content\"><h3 class=\"elementor-image-box-title\">RODILLO MASTERFLEX N\u00ba 5<\/h3><p class=\"elementor-image-box-description\">Est\u00e1ndar y Calidad<br>\nProceso certificado ISO 9001<br>\nAlto rendimiento con menor tasa de rotura<br>\n\u00cdndice de peeling m\u00e1s alto<br>\nDurabilidad<br>\nMejor beneficio de costo\n\n<\/p><\/div><\/div>\t\t<\/div>\n\t\t\t\t<\/div>\n\t\t\t\t<div class=\"elementor-element elementor-element-4a9a3eb elementor-align-center elementor-widget elementor-widget-button\" data-id=\"4a9a3eb\" data-element_type=\"widget\" data-widget_type=\"button.default\">\n\t\t\t\t<div class=\"elementor-widget-container\">\n\t\t\t\t\t<div class=\"elementor-button-wrapper\">\n\t\t\t<a href=\"#elementor-action%3Aaction%3Dpopup%3Aopen%26settings%3DeyJpZCI6IjUyMyIsInRvZ2dsZSI6ZmFsc2V9\" class=\"elementor-button-link elementor-button elementor-size-sm\" role=\"button\">\n\t\t\t\t\t\t<span class=\"elementor-button-content-wrapper\">\n\t\t\t\t\t\t<span class=\"elementor-button-text\">VER M\u00c1S<\/span>\n\t\t<\/span>\n\t\t\t\t\t<\/a>\n\t\t<\/div>\n\t\t\t\t<\/div>\n\t\t\t\t<\/div>\n\t\t\t\t\t\t<\/div>\n\t\t\t\t\t<\/div>\n\t\t<\/div>\n\t\t\t\t<div class=\"elementor-column elementor-col-33 elementor-top-column elementor-element elementor-element-ef823ce\" data-id=\"ef823ce\" data-element_type=\"column\">\n\t\t\t<div class=\"elementor-column-wrap elementor-element-populated\">\n\t\t\t\t\t\t\t<div class=\"elementor-widget-wrap\">\n\t\t\t\t\t\t<div class=\"elementor-element elementor-element-11d8df4 elementor-position-top elementor-vertical-align-top elementor-widget elementor-widget-image-box\" data-id=\"11d8df4\" data-element_type=\"widget\" data-widget_type=\"image-box.default\">\n\t\t\t\t<div class=\"elementor-widget-container\">\n\t\t\t<div class=\"elementor-image-box-wrapper\"><figure class=\"elementor-image-box-img\"><img decoding=\"async\" width=\"2000\" height=\"2000\" src=\"https:\/\/castilhoind.com\/ES\/wp-content\/uploads\/2020\/10\/Ultraflex-10x10_001-1.png\" class=\"attachment-full size-full wp-image-388\" alt=\"\" loading=\"lazy\" srcset=\"https:\/\/castilhoind.com\/ES\/wp-content\/uploads\/2020\/10\/Ultraflex-10x10_001-1.png 2000w, https:\/\/castilhoind.com\/ES\/wp-content\/uploads\/2020\/10\/Ultraflex-10x10_001-1-300x300.png 300w, https:\/\/castilhoind.com\/ES\/wp-content\/uploads\/2020\/10\/Ultraflex-10x10_001-1-1024x1024.png 1024w, https:\/\/castilhoind.com\/ES\/wp-content\/uploads\/2020\/10\/Ultraflex-10x10_001-1-150x150.png 150w, https:\/\/castilhoind.com\/ES\/wp-content\/uploads\/2020\/10\/Ultraflex-10x10_001-1-768x768.png 768w, https:\/\/castilhoind.com\/ES\/wp-content\/uploads\/2020\/10\/Ultraflex-10x10_001-1-1536x1536.png 1536w, https:\/\/castilhoind.com\/ES\/wp-content\/uploads\/2020\/10\/Ultraflex-10x10_001-1-100x100.png 100w, https:\/\/castilhoind.com\/ES\/wp-content\/uploads\/2020\/10\/Ultraflex-10x10_001-1-200x200.png 200w, https:\/\/castilhoind.com\/ES\/wp-content\/uploads\/2020\/10\/Ultraflex-10x10_001-1-450x450.png 450w, https:\/\/castilhoind.com\/ES\/wp-content\/uploads\/2020\/10\/Ultraflex-10x10_001-1-600x600.png 600w, https:\/\/castilhoind.com\/ES\/wp-content\/uploads\/2020\/10\/Ultraflex-10x10_001-1-900x900.png 900w\" sizes=\"(max-width: 2000px) 100vw, 2000px\" \/><\/figure><div class=\"elementor-image-box-content\"><h3 class=\"elementor-image-box-title\">RODILLO ULTRAFLEX 10X10<\/h3><p class=\"elementor-image-box-description\">Est\u00e1ndar y Calidad<br>\nProceso certificado ISO 9001<br>\nAlto rendimiento con menor tasa de rotura<br>\n\u00cdndice de peeling m\u00e1s alto<br>\nDurabilidad<br>\nMejor beneficio de costo\n\n<\/p><\/div><\/div>\t\t<\/div>\n\t\t\t\t<\/div>\n\t\t\t\t<div class=\"elementor-element elementor-element-2542ffb elementor-align-center elementor-widget elementor-widget-button\" data-id=\"2542ffb\" data-element_type=\"widget\" data-widget_type=\"button.default\">\n\t\t\t\t<div class=\"elementor-widget-container\">\n\t\t\t\t\t<div class=\"elementor-button-wrapper\">\n\t\t\t<a href=\"#elementor-action%3Aaction%3Dpopup%3Aopen%26settings%3DeyJpZCI6IjUyOCIsInRvZ2dsZSI6ZmFsc2V9\" class=\"elementor-button-link elementor-button elementor-size-sm\" role=\"button\">\n\t\t\t\t\t\t<span class=\"elementor-button-content-wrapper\">\n\t\t\t\t\t\t<span class=\"elementor-button-text\">VER M\u00c1S<\/span>\n\t\t<\/span>\n\t\t\t\t\t<\/a>\n\t\t<\/div>\n\t\t\t\t<\/div>\n\t\t\t\t<\/div>\n\t\t\t\t\t\t<\/div>\n\t\t\t\t\t<\/div>\n\t\t<\/div>\n\t\t\t\t\t\t\t\t<\/div>\n\t\t\t\t\t<\/div>\n\t\t<\/section>\n\t\t\t\t<section class=\"elementor-section elementor-top-section elementor-element elementor-element-aee6799 elementor-section-full_width elementor-section-height-default elementor-section-height-default\" data-id=\"aee6799\" data-element_type=\"section\" data-settings=\"{&quot;background_background&quot;:&quot;classic&quot;}\">\n\t\t\t\t\t\t\t<div class=\"elementor-background-overlay\"><\/div>\n\t\t\t\t\t\t\t<div class=\"elementor-container elementor-column-gap-default\">\n\t\t\t\t\t\t\t<div class=\"elementor-row\">\n\t\t\t\t\t<div class=\"elementor-column elementor-col-100 elementor-top-column elementor-element elementor-element-0c5f904\" data-id=\"0c5f904\" data-element_type=\"column\">\n\t\t\t<div class=\"elementor-column-wrap elementor-element-populated\">\n\t\t\t\t\t\t\t<div class=\"elementor-widget-wrap\">\n\t\t\t\t\t\t<div class=\"elementor-element elementor-element-2affda3 elementor-widget-divider--view-line elementor-widget elementor-widget-divider\" data-id=\"2affda3\" data-element_type=\"widget\" data-widget_type=\"divider.default\">\n\t\t\t\t<div class=\"elementor-widget-container\">\n\t\t\t\t\t<div class=\"elementor-divider\">\n\t\t\t<span class=\"elementor-divider-separator\">\n\t\t\t\t\t\t<\/span>\n\t\t<\/div>\n\t\t\t\t<\/div>\n\t\t\t\t<\/div>\n\t\t\t\t\t\t<\/div>\n\t\t\t\t\t<\/div>\n\t\t<\/div>\n\t\t\t\t\t\t\t\t<\/div>\n\t\t\t\t\t<\/div>\n\t\t<\/section>\n\t\t\t\t<section class=\"elementor-section elementor-top-section elementor-element elementor-element-f455bb1 elementor-section-boxed elementor-section-height-default elementor-section-height-default\" data-id=\"f455bb1\" data-element_type=\"section\" data-settings=\"{&quot;background_background&quot;:&quot;classic&quot;}\">\n\t\t\t\t\t\t\t<div class=\"elementor-background-overlay\"><\/div>\n\t\t\t\t\t\t\t<div class=\"elementor-container elementor-column-gap-default\">\n\t\t\t\t\t\t\t<div class=\"elementor-row\">\n\t\t\t\t\t<div class=\"elementor-column elementor-col-33 elementor-top-column elementor-element elementor-element-73d6dfa\" data-id=\"73d6dfa\" data-element_type=\"column\">\n\t\t\t<div class=\"elementor-column-wrap elementor-element-populated\">\n\t\t\t\t\t\t\t<div class=\"elementor-widget-wrap\">\n\t\t\t\t\t\t<div class=\"elementor-element elementor-element-831cdc0 elementor-position-top elementor-vertical-align-top elementor-widget elementor-widget-image-box\" data-id=\"831cdc0\" data-element_type=\"widget\" data-widget_type=\"image-box.default\">\n\t\t\t\t<div class=\"elementor-widget-container\">\n\t\t\t<div class=\"elementor-image-box-wrapper\"><figure class=\"elementor-image-box-img\"><img decoding=\"async\" width=\"2000\" height=\"2000\" src=\"https:\/\/castilhoind.com\/ES\/wp-content\/uploads\/2020\/10\/Ultraflex-N5_001-1.png\" class=\"attachment-full size-full wp-image-396\" alt=\"\" loading=\"lazy\" srcset=\"https:\/\/castilhoind.com\/ES\/wp-content\/uploads\/2020\/10\/Ultraflex-N5_001-1.png 2000w, https:\/\/castilhoind.com\/ES\/wp-content\/uploads\/2020\/10\/Ultraflex-N5_001-1-300x300.png 300w, https:\/\/castilhoind.com\/ES\/wp-content\/uploads\/2020\/10\/Ultraflex-N5_001-1-1024x1024.png 1024w, https:\/\/castilhoind.com\/ES\/wp-content\/uploads\/2020\/10\/Ultraflex-N5_001-1-150x150.png 150w, https:\/\/castilhoind.com\/ES\/wp-content\/uploads\/2020\/10\/Ultraflex-N5_001-1-768x768.png 768w, https:\/\/castilhoind.com\/ES\/wp-content\/uploads\/2020\/10\/Ultraflex-N5_001-1-1536x1536.png 1536w, https:\/\/castilhoind.com\/ES\/wp-content\/uploads\/2020\/10\/Ultraflex-N5_001-1-100x100.png 100w, https:\/\/castilhoind.com\/ES\/wp-content\/uploads\/2020\/10\/Ultraflex-N5_001-1-200x200.png 200w, https:\/\/castilhoind.com\/ES\/wp-content\/uploads\/2020\/10\/Ultraflex-N5_001-1-450x450.png 450w, https:\/\/castilhoind.com\/ES\/wp-content\/uploads\/2020\/10\/Ultraflex-N5_001-1-600x600.png 600w, https:\/\/castilhoind.com\/ES\/wp-content\/uploads\/2020\/10\/Ultraflex-N5_001-1-900x900.png 900w\" sizes=\"(max-width: 2000px) 100vw, 2000px\" \/><\/figure><div class=\"elementor-image-box-content\"><h3 class=\"elementor-image-box-title\">RODILLO ULTRAFLEX N\u00ba 5<\/h3><p class=\"elementor-image-box-description\">Est\u00e1ndar y Calidad<br>\nProceso certificado ISO 9001<br>\nAlto rendimiento con menor tasa de rotura<br>\n\u00cdndice de peeling m\u00e1s alto<br>\nDurabilidad<br>\nMejor beneficio de costo\n\n<\/p><\/div><\/div>\t\t<\/div>\n\t\t\t\t<\/div>\n\t\t\t\t<div class=\"elementor-element elementor-element-4cef737 elementor-align-center elementor-widget elementor-widget-button\" data-id=\"4cef737\" data-element_type=\"widget\" data-widget_type=\"button.default\">\n\t\t\t\t<div class=\"elementor-widget-container\">\n\t\t\t\t\t<div class=\"elementor-button-wrapper\">\n\t\t\t<a href=\"#elementor-action%3Aaction%3Dpopup%3Aopen%26settings%3DeyJpZCI6IjUzMSIsInRvZ2dsZSI6ZmFsc2V9\" class=\"elementor-button-link elementor-button elementor-size-sm\" role=\"button\">\n\t\t\t\t\t\t<span class=\"elementor-button-content-wrapper\">\n\t\t\t\t\t\t<span class=\"elementor-button-text\">VER M\u00c1S<\/span>\n\t\t<\/span>\n\t\t\t\t\t<\/a>\n\t\t<\/div>\n\t\t\t\t<\/div>\n\t\t\t\t<\/div>\n\t\t\t\t\t\t<\/div>\n\t\t\t\t\t<\/div>\n\t\t<\/div>\n\t\t\t\t<div class=\"elementor-column elementor-col-33 elementor-top-column elementor-element elementor-element-3fadf3e\" data-id=\"3fadf3e\" data-element_type=\"column\">\n\t\t\t<div class=\"elementor-column-wrap elementor-element-populated\">\n\t\t\t\t\t\t\t<div class=\"elementor-widget-wrap\">\n\t\t\t\t\t\t<div class=\"elementor-element elementor-element-e82a793 elementor-position-top elementor-vertical-align-top elementor-widget elementor-widget-image-box\" data-id=\"e82a793\" data-element_type=\"widget\" data-widget_type=\"image-box.default\">\n\t\t\t\t<div class=\"elementor-widget-container\">\n\t\t\t<div class=\"elementor-image-box-wrapper\"><figure class=\"elementor-image-box-img\"><img decoding=\"async\" width=\"2000\" height=\"1432\" src=\"https:\/\/castilhoind.com\/ES\/wp-content\/uploads\/2020\/10\/Breques-2.png\" class=\"attachment-full size-full wp-image-380\" alt=\"\" loading=\"lazy\" srcset=\"https:\/\/castilhoind.com\/ES\/wp-content\/uploads\/2020\/10\/Breques-2.png 2000w, https:\/\/castilhoind.com\/ES\/wp-content\/uploads\/2020\/10\/Breques-2-300x215.png 300w, https:\/\/castilhoind.com\/ES\/wp-content\/uploads\/2020\/10\/Breques-2-1024x733.png 1024w, https:\/\/castilhoind.com\/ES\/wp-content\/uploads\/2020\/10\/Breques-2-768x550.png 768w, https:\/\/castilhoind.com\/ES\/wp-content\/uploads\/2020\/10\/Breques-2-1536x1100.png 1536w, https:\/\/castilhoind.com\/ES\/wp-content\/uploads\/2020\/10\/Breques-2-100x72.png 100w, https:\/\/castilhoind.com\/ES\/wp-content\/uploads\/2020\/10\/Breques-2-150x107.png 150w, https:\/\/castilhoind.com\/ES\/wp-content\/uploads\/2020\/10\/Breques-2-200x143.png 200w, https:\/\/castilhoind.com\/ES\/wp-content\/uploads\/2020\/10\/Breques-2-450x322.png 450w, https:\/\/castilhoind.com\/ES\/wp-content\/uploads\/2020\/10\/Breques-2-600x430.png 600w, https:\/\/castilhoind.com\/ES\/wp-content\/uploads\/2020\/10\/Breques-2-900x644.png 900w\" sizes=\"(max-width: 2000px) 100vw, 2000px\" \/><\/figure><div class=\"elementor-image-box-content\"><h3 class=\"elementor-image-box-title\">BREQUES<\/h3><p class=\"elementor-image-box-description\">Est\u00e1ndar y Calidad<br>\nProceso certificado ISO 9001<br>\nAlto rendimiento con menor tasa de rotura<br>\n\u00cdndice de peeling m\u00e1s alto<br>\nDurabilidad<br>\nMejor beneficio de costo\n\n<\/p><\/div><\/div>\t\t<\/div>\n\t\t\t\t<\/div>\n\t\t\t\t<div class=\"elementor-element elementor-element-9c1dde9 elementor-align-center elementor-widget elementor-widget-button\" data-id=\"9c1dde9\" data-element_type=\"widget\" data-widget_type=\"button.default\">\n\t\t\t\t<div class=\"elementor-widget-container\">\n\t\t\t\t\t<div class=\"elementor-button-wrapper\">\n\t\t\t<a href=\"#elementor-action%3Aaction%3Dpopup%3Aopen%26settings%3DeyJpZCI6IjUxMSIsInRvZ2dsZSI6ZmFsc2V9\" class=\"elementor-button-link elementor-button elementor-size-sm\" role=\"button\">\n\t\t\t\t\t\t<span class=\"elementor-button-content-wrapper\">\n\t\t\t\t\t\t<span class=\"elementor-button-text\">VER M\u00c1S<\/span>\n\t\t<\/span>\n\t\t\t\t\t<\/a>\n\t\t<\/div>\n\t\t\t\t<\/div>\n\t\t\t\t<\/div>\n\t\t\t\t\t\t<\/div>\n\t\t\t\t\t<\/div>\n\t\t<\/div>\n\t\t\t\t<div class=\"elementor-column elementor-col-33 elementor-top-column elementor-element elementor-element-2a43feb\" data-id=\"2a43feb\" data-element_type=\"column\">\n\t\t\t<div class=\"elementor-column-wrap\">\n\t\t\t\t\t\t\t<div class=\"elementor-widget-wrap\">\n\t\t\t\t\t\t\t\t<\/div>\n\t\t\t\t\t<\/div>\n\t\t<\/div>\n\t\t\t\t\t\t\t\t<\/div>\n\t\t\t\t\t<\/div>\n\t\t<\/section>\n\t\t\t\t\t\t\t\t\t<\/div>\n\t\t\t<\/div>\n\t\t\t\t\t<\/div>\n\t\t","protected":false},"excerpt":{"rendered":"<p>INDUSTRIA DE GRANOS RODILLO MASTERFLEX 10X10 Est\u00e1ndar y Calidad Proceso certificado ISO 9001 Alto rendimiento con menor tasa de rotura \u00cdndice de peeling m\u00e1s alto Durabilidad Mejor beneficio de costo VER M\u00c1S RODILLO MASTERFLEX N\u00ba 5 Est\u00e1ndar y Calidad Proceso &hellip;<\/p>\n<p class=\"read-more\"> <a class=\"more-link\" href=\"https:\/\/castilhoind.com\/ES\/beneficiamento-de-graos\/\"> <span class=\"screen-reader-text\">Beneficiamento de Gr\u00e3os<\/span> Read More &raquo;<\/a><\/p>\n","protected":false},"author":1,"featured_media":0,"parent":0,"menu_order":0,"comment_status":"closed","ping_status":"closed","template":"elementor_header_footer","meta":[],"_links":{"self":[{"href":"https:\/\/castilhoind.com\/ES\/wp-json\/wp\/v2\/pages\/421"}],"collection":[{"href":"https:\/\/castilhoind.com\/ES\/wp-json\/wp\/v2\/pages"}],"about":[{"href":"https:\/\/castilhoind.com\/ES\/wp-json\/wp\/v2\/types\/page"}],"author":[{"embeddable":true,"href":"https:\/\/castilhoind.com\/ES\/wp-json\/wp\/v2\/users\/1"}],"replies":[{"embeddable":true,"href":"https:\/\/castilhoind.com\/ES\/wp-json\/wp\/v2\/comments?post=421"}],"version-history":[{"count":20,"href":"https:\/\/castilhoind.com\/ES\/wp-json\/wp\/v2\/pages\/421\/revisions"}],"predecessor-version":[{"id":557,"href":"https:\/\/castilhoind.com\/ES\/wp-json\/wp\/v2\/pages\/421\/revisions\/557"}],"wp:attachment":[{"href":"https:\/\/castilhoind.com\/ES\/wp-json\/wp\/v2\/media?parent=421"}],"curies":[{"name":"wp","href":"https:\/\/api.w.org\/{rel}","templated":true}]}}